{"id":14134,"date":"2022-11-21T17:37:51","date_gmt":"2022-11-21T17:37:51","guid":{"rendered":"https:\/\/staging.gimnasiovermont.edu.co\/department-of-information-technologies\/"},"modified":"2022-11-21T17:37:51","modified_gmt":"2022-11-21T17:37:51","slug":"department-of-information-technologies","status":"publish","type":"page","link":"https:\/\/staging.gimnasiovermont.edu.co\/en\/department-of-information-technologies\/","title":{"rendered":"Department of Information Technologies"},"content":{"rendered":"\n<div class=\"wp-block-columns is-layout-flex wp-container-core-columns-is-layout-1 wp-block-columns-is-layout-flex\">\n<div class=\"wp-block-column is-layout-flow wp-block-column-is-layout-flow\" style=\"flex-basis:33.33%\">\n<figure class=\"wp-block-image size-large is-resized\"><img decoding=\"async\" src=\"https:\/\/staging.gimnasiovermont.edu.co\/wp-content\/uploads\/2021\/08\/IMG_1239-1024x683.jpg\" alt=\"\" class=\"wp-image-3638\" width=\"450\" height=\"300\" srcset=\"https:\/\/staging.gimnasiovermont.edu.co\/wp-content\/uploads\/2021\/08\/IMG_1239-1024x683.jpg 1024w, https:\/\/staging.gimnasiovermont.edu.co\/wp-content\/uploads\/2021\/08\/IMG_1239-300x200.jpg 300w, https:\/\/staging.gimnasiovermont.edu.co\/wp-content\/uploads\/2021\/08\/IMG_1239-768x512.jpg 768w, https:\/\/staging.gimnasiovermont.edu.co\/wp-content\/uploads\/2021\/08\/IMG_1239-1536x1024.jpg 1536w, https:\/\/staging.gimnasiovermont.edu.co\/wp-content\/uploads\/2021\/08\/IMG_1239-2048x1365.jpg 2048w\" sizes=\"(max-width: 450px) 100vw, 450px\" \/><\/figure>\n<\/div>\n\n\n\n<div class=\"wp-block-column is-layout-flow wp-block-column-is-layout-flow\" style=\"flex-basis:66.66%\">\n<p>During their school life and through <strong>the Information Technology Department program<\/strong>, Gimnasio Vermont students develop abilities, skills and attitudes for the creative, responsible, critical and safe use of different computer tools, with the aim of guaranteeing their successful participation as digital citizens in a global context.<\/p>\n<\/div>\n<\/div>\n\n<p>Our proposal is aimed at developing three fundamental skills:<\/p>\n\n<div class=\"wp-block-columns is-layout-flex wp-container-core-columns-is-layout-2 wp-block-columns-is-layout-flex\">\n<div class=\"wp-block-column is-layout-flow wp-block-column-is-layout-flow\">\n<figure class=\"wp-block-image size-large is-resized\"><img decoding=\"async\" src=\"https:\/\/staging.gimnasiovermont.edu.co\/wp-content\/uploads\/2021\/08\/IMG_9011-1-1024x683.jpg\" alt=\"\" class=\"wp-image-3505\" width=\"400\" height=\"280\"\/><\/figure>\n\n\n\n<p><strong>Concepts and operations of Information Technologies<\/strong><\/p>\n\n\n\n<p>Knowledge and skills for the use of the main basic applications: access, processing and use of information for <strong>the creation of content<\/strong> in different digital formats.<\/p>\n<\/div>\n\n\n\n<div class=\"wp-block-column is-layout-flow wp-block-column-is-layout-flow\">\n<figure class=\"wp-block-image size-large is-resized\"><img decoding=\"async\" src=\"https:\/\/staging.gimnasiovermont.edu.co\/wp-content\/uploads\/2021\/08\/GV16389-1024x683.jpg\" alt=\"\" class=\"wp-image-3511\" width=\"400\" height=\"280\"\/><\/figure>\n\n\n\n<p><strong>Critical thinking and creative problem solving<\/strong><\/p>\n\n\n\n<p>Development of <strong>computational thinking<\/strong> as a fundamental part of critical thinking skills: students build on the essential concepts of computer science and apply them to the formulation, analysis and resolution of problems, using programming and robotics tools.<\/p>\n<\/div>\n\n\n\n<div class=\"wp-block-column is-layout-flow wp-block-column-is-layout-flow\">\n<figure class=\"wp-block-image size-large is-resized\"><img decoding=\"async\" src=\"https:\/\/staging.gimnasiovermont.edu.co\/wp-content\/uploads\/2021\/11\/IMG_1241-1024x683.jpg\" alt=\"\" class=\"wp-image-6755\" width=\"400\" height=\"280\"\/><\/figure>\n\n\n\n<p><strong>Digital citizenship and collaborative work<\/strong><\/p>\n\n\n\n<p><strong>Responsible, safe, ethical and respectful<\/strong> use of information technologies, safe browsing on the Internet, care for digital footprints, prevention of inappropriate behavior when using social networks and electronic devices, promotion of collaborative work and the correct use of different sources of information.<\/p>\n<\/div>\n<\/div>\n\n<div class=\"wp-block-columns is-layout-flex wp-container-core-columns-is-layout-3 wp-block-columns-is-layout-flex\">\n<div class=\"wp-block-column is-layout-flow wp-block-column-is-layout-flow\" style=\"flex-basis:100%\">\n<p class=\"has-normal-font-size\"><strong>Vermont ICT Magazine<\/strong><\/p>\n\n\n\n<p>The Department creates spaces for students and the community to develop their creativity through articles, illustrations, videos, games and others, around the challenges and possibilities offered by technology. This encouragement and motivation of the Department has borne fruit in each of the digital copies published.<\/p>\n<\/div>\n<\/div>\n\n<div class=\"wp-block-columns is-layout-flex wp-container-core-columns-is-layout-4 wp-block-columns-is-layout-flex\">\n<div class=\"wp-block-column is-layout-flow wp-block-column-is-layout-flow\">\n<div style=\"position:relative;padding-top:max(60%,326px);height:0;width:100%\"><iframe sandbox=\"allow-top-navigation allow-top-navigation-by-user-activation allow-downloads allow-scripts allow-same-origin allow-popups allow-modals allow-popups-to-escape-sandbox\" allowfullscreen=\"true\" style=\"position:absolute;border:none;width:100%;height:100%;left:0;right:0;top:0;bottom:0;\" src=\"https:\/\/e.issuu.com\/embed.html?d=17&#038;u=vmtic\"><\/iframe><\/div>\r\n<\/div>\n<\/div>\n\n<div class=\"wp-block-columns is-layout-flex wp-container-core-columns-is-layout-5 wp-block-columns-is-layout-flex\">\n<div class=\"wp-block-column is-layout-flow wp-block-column-is-layout-flow\">\n<div class=\"wp-block-image\"><figure class=\"alignright size-large is-resized\"><a href=\"https:\/\/staging.gimnasiovermont.edu.co\/admisiones\/\"><img decoding=\"async\" src=\"https:\/\/staging.gimnasiovermont.edu.co\/wp-content\/uploads\/2020\/11\/mision-3.svg\" alt=\"\" class=\"wp-image-275\" width=\"95\" height=\"95\" srcset=\"https:\/\/staging.gimnasiovermont.edu.co\/wp-content\/uploads\/\/2020\/11\/mision-3.svg 150w, https:\/\/staging.gimnasiovermont.edu.co\/wp-content\/uploads\/\/2020\/11\/mision-3.svg 300w, https:\/\/staging.gimnasiovermont.edu.co\/wp-content\/uploads\/\/2020\/11\/mision-3.svg 1024w\" sizes=\"(max-width: 95px) 100vw, 95px\" \/><\/a><figcaption><a href=\"https:\/\/staging.gimnasiovermont.edu.co\/admisiones\/\" target=\"_blank\" rel=\"noreferrer noopener\">Admisiones<\/a><\/figcaption><\/figure><\/div>\n<\/div>\n\n\n\n<div class=\"wp-block-column is-layout-flow wp-block-column-is-layout-flow\">\n<div class=\"wp-block-image\"><figure class=\"aligncenter size-full is-resized\"><a href=\"https:\/\/staging.gimnasiovermont.edu.co\/bachillerato-internacional\/\"><img decoding=\"async\" src=\"https:\/\/staging.gimnasiovermont.edu.co\/wp-content\/uploads\/2020\/11\/mision-1.png\" alt=\"\" class=\"wp-image-269\" width=\"95\" height=\"95\"\/><\/a><figcaption><a href=\"https:\/\/staging.gimnasiovermont.edu.co\/bachillerato-internacional\/\" target=\"_blank\" rel=\"noreferrer noopener\">Bachillerato Internacional<\/a><\/figcaption><\/figure><\/div>\n<\/div>\n\n\n\n<div class=\"wp-block-column is-layout-flow wp-block-column-is-layout-flow\">\n<div class=\"wp-block-image is-style-rounded\"><figure class=\"alignleft size-large is-resized\"><a href=\"https:\/\/staging.gimnasiovermont.edu.co\/nosotros\/apoyo-escolar\/\"><img decoding=\"async\" src=\"https:\/\/staging.gimnasiovermont.edu.co\/wp-content\/uploads\/2021\/07\/Copia-de-White-Charcoal-Minimalist-Beer-Illustration-Birthday-Invitation-1024x1024.jpg\" alt=\"\" class=\"wp-image-2274\" width=\"96\" height=\"96\" srcset=\"https:\/\/staging.gimnasiovermont.edu.co\/wp-content\/uploads\/2021\/07\/Copia-de-White-Charcoal-Minimalist-Beer-Illustration-Birthday-Invitation-1024x1024.jpg 1024w, https:\/\/staging.gimnasiovermont.edu.co\/wp-content\/uploads\/2021\/07\/Copia-de-White-Charcoal-Minimalist-Beer-Illustration-Birthday-Invitation-300x300.jpg 300w, https:\/\/staging.gimnasiovermont.edu.co\/wp-content\/uploads\/2021\/07\/Copia-de-White-Charcoal-Minimalist-Beer-Illustration-Birthday-Invitation-150x150.jpg 150w, https:\/\/staging.gimnasiovermont.edu.co\/wp-content\/uploads\/2021\/07\/Copia-de-White-Charcoal-Minimalist-Beer-Illustration-Birthday-Invitation-768x768.jpg 768w, https:\/\/staging.gimnasiovermont.edu.co\/wp-content\/uploads\/2021\/07\/Copia-de-White-Charcoal-Minimalist-Beer-Illustration-Birthday-Invitation-1536x1536.jpg 1536w, https:\/\/staging.gimnasiovermont.edu.co\/wp-content\/uploads\/2021\/07\/Copia-de-White-Charcoal-Minimalist-Beer-Illustration-Birthday-Invitation.jpg 1654w\" sizes=\"(max-width: 96px) 100vw, 96px\" \/><\/a><figcaption><a href=\"https:\/\/staging.gimnasiovermont.edu.co\/nosotros\/apoyo-escolar\/\" target=\"_blank\" rel=\"noreferrer noopener\">Apoyo Escolar<\/a><\/figcaption><\/figure><\/div>\n<\/div>\n<\/div>\n","protected":false},"excerpt":{"rendered":"<p>During their school life and through the Information Technology Department program, Gimnasio Vermont students develop abilities, skills and attitudes for [&hellip;]<\/p>\n","protected":false},"author":2,"featured_media":0,"parent":0,"menu_order":0,"comment_status":"open","ping_status":"closed","template":"","meta":{"_uag_custom_page_level_css":"","ub_ctt_via":"","advgb_blocks_editor_width":"","advgb_blocks_columns_visual_guide":"","_joinchat":[],"footnotes":""},"class_list":["post-14134","page","type-page","status-publish","hentry"],"featured_image_src":null,"yoast_head":"<!-- This site is optimized with the Yoast SEO plugin v25.9 - https:\/\/yoast.com\/wordpress\/plugins\/seo\/ -->\n<title>Department of Information Technologies - Gimnasio Vermont<\/title>\n<meta name=\"description\" content=\"A trav\u00e9s del programa del Departamento de Tecnolog\u00eda e Informaci\u00f3n, los estudiantes del Gimnasio Vermont desarrollan habilidades, destrezas y actitudes para la utilizaci\u00f3n creativa, responsable, cr\u00edtica y segura de diferentes herramientas inform\u00e1ticas.\" \/>\n<meta name=\"robots\" content=\"noindex, follow, max-snippet:-1, max-image-preview:large, max-video-preview:-1\" \/>\n<meta property=\"og:locale\" content=\"en_US\" \/>\n<meta property=\"og:type\" content=\"article\" \/>\n<meta property=\"og:title\" content=\"Department of Information Technologies - Gimnasio Vermont\" \/>\n<meta property=\"og:description\" content=\"A trav\u00e9s del programa del Departamento de Tecnolog\u00eda e Informaci\u00f3n, los estudiantes del Gimnasio Vermont desarrollan habilidades, destrezas y actitudes para la utilizaci\u00f3n creativa, responsable, cr\u00edtica y segura de diferentes herramientas inform\u00e1ticas.\" \/>\n<meta property=\"og:url\" content=\"https:\/\/staging.gimnasiovermont.edu.co\/en\/department-of-information-technologies\/\" \/>\n<meta property=\"og:site_name\" content=\"Gimnasio Vermont\" \/>\n<meta property=\"og:image\" content=\"https:\/\/staging.gimnasiovermont.edu.co\/wp-content\/uploads\/2021\/08\/IMG_1239-1024x683.jpg\" \/>\n<meta name=\"twitter:card\" content=\"summary_large_image\" \/>\n<meta name=\"twitter:label1\" content=\"Est. reading time\" \/>\n\t<meta name=\"twitter:data1\" content=\"1 minute\" \/>\n<script type=\"application\/ld+json\" class=\"yoast-schema-graph\">{\"@context\":\"https:\/\/schema.org\",\"@graph\":[{\"@type\":\"WebPage\",\"@id\":\"https:\/\/staging.gimnasiovermont.edu.co\/en\/department-of-information-technologies\/\",\"url\":\"https:\/\/staging.gimnasiovermont.edu.co\/en\/department-of-information-technologies\/\",\"name\":\"Department of Information Technologies - Gimnasio Vermont\",\"isPartOf\":{\"@id\":\"https:\/\/staging.gimnasiovermont.edu.co\/#website\"},\"primaryImageOfPage\":{\"@id\":\"https:\/\/staging.gimnasiovermont.edu.co\/en\/department-of-information-technologies\/#primaryimage\"},\"image\":{\"@id\":\"https:\/\/staging.gimnasiovermont.edu.co\/en\/department-of-information-technologies\/#primaryimage\"},\"thumbnailUrl\":\"https:\/\/staging.gimnasiovermont.edu.co\/wp-content\/uploads\/2021\/08\/IMG_1239-1024x683.jpg\",\"datePublished\":\"2022-11-21T17:37:51+00:00\",\"description\":\"A trav\u00e9s del programa del Departamento de Tecnolog\u00eda e Informaci\u00f3n, los estudiantes del Gimnasio Vermont desarrollan habilidades, destrezas y actitudes para la utilizaci\u00f3n creativa, responsable, cr\u00edtica y segura de diferentes herramientas inform\u00e1ticas.\",\"breadcrumb\":{\"@id\":\"https:\/\/staging.gimnasiovermont.edu.co\/en\/department-of-information-technologies\/#breadcrumb\"},\"inLanguage\":\"en-US\",\"potentialAction\":[{\"@type\":\"ReadAction\",\"target\":[\"https:\/\/staging.gimnasiovermont.edu.co\/en\/department-of-information-technologies\/\"]}]},{\"@type\":\"ImageObject\",\"inLanguage\":\"en-US\",\"@id\":\"https:\/\/staging.gimnasiovermont.edu.co\/en\/department-of-information-technologies\/#primaryimage\",\"url\":\"https:\/\/staging.gimnasiovermont.edu.co\/wp-content\/uploads\/2021\/08\/IMG_1239-1024x683.jpg\",\"contentUrl\":\"https:\/\/staging.gimnasiovermont.edu.co\/wp-content\/uploads\/2021\/08\/IMG_1239-1024x683.jpg\"},{\"@type\":\"BreadcrumbList\",\"@id\":\"https:\/\/staging.gimnasiovermont.edu.co\/en\/department-of-information-technologies\/#breadcrumb\",\"itemListElement\":[{\"@type\":\"ListItem\",\"position\":1,\"name\":\"Inicio\",\"item\":\"https:\/\/staging.gimnasiovermont.edu.co\/en\/\"},{\"@type\":\"ListItem\",\"position\":2,\"name\":\"Department of Information Technologies\"}]},{\"@type\":\"WebSite\",\"@id\":\"https:\/\/staging.gimnasiovermont.edu.co\/#website\",\"url\":\"https:\/\/staging.gimnasiovermont.edu.co\/\",\"name\":\"Gimnasio Vermont\",\"description\":\"\",\"publisher\":{\"@id\":\"https:\/\/staging.gimnasiovermont.edu.co\/#organization\"},\"potentialAction\":[{\"@type\":\"SearchAction\",\"target\":{\"@type\":\"EntryPoint\",\"urlTemplate\":\"https:\/\/staging.gimnasiovermont.edu.co\/?s={search_term_string}\"},\"query-input\":{\"@type\":\"PropertyValueSpecification\",\"valueRequired\":true,\"valueName\":\"search_term_string\"}}],\"inLanguage\":\"en-US\"},{\"@type\":\"Organization\",\"@id\":\"https:\/\/staging.gimnasiovermont.edu.co\/#organization\",\"name\":\"Gimnasio Vermont\",\"url\":\"https:\/\/staging.gimnasiovermont.edu.co\/\",\"logo\":{\"@type\":\"ImageObject\",\"inLanguage\":\"en-US\",\"@id\":\"https:\/\/staging.gimnasiovermont.edu.co\/#\/schema\/logo\/image\/\",\"url\":\"https:\/\/staging.gimnasiovermont.edu.co\/wp-content\/uploads\/2021\/01\/logo.svg\",\"contentUrl\":\"https:\/\/staging.gimnasiovermont.edu.co\/wp-content\/uploads\/2021\/01\/logo.svg\",\"caption\":\"Gimnasio Vermont\"},\"image\":{\"@id\":\"https:\/\/staging.gimnasiovermont.edu.co\/#\/schema\/logo\/image\/\"}}]}<\/script>\n<!-- \/ Yoast SEO plugin. -->","yoast_head_json":{"title":"Department of Information Technologies - Gimnasio Vermont","description":"A trav\u00e9s del programa del Departamento de Tecnolog\u00eda e Informaci\u00f3n, los estudiantes del Gimnasio Vermont desarrollan habilidades, destrezas y actitudes para la utilizaci\u00f3n creativa, responsable, cr\u00edtica y segura de diferentes herramientas inform\u00e1ticas.","robots":{"index":"noindex","follow":"follow","max-snippet":"max-snippet:-1","max-image-preview":"max-image-preview:large","max-video-preview":"max-video-preview:-1"},"og_locale":"en_US","og_type":"article","og_title":"Department of Information Technologies - Gimnasio Vermont","og_description":"A trav\u00e9s del programa del Departamento de Tecnolog\u00eda e Informaci\u00f3n, los estudiantes del Gimnasio Vermont desarrollan habilidades, destrezas y actitudes para la utilizaci\u00f3n creativa, responsable, cr\u00edtica y segura de diferentes herramientas inform\u00e1ticas.","og_url":"https:\/\/staging.gimnasiovermont.edu.co\/en\/department-of-information-technologies\/","og_site_name":"Gimnasio Vermont","og_image":[{"url":"https:\/\/staging.gimnasiovermont.edu.co\/wp-content\/uploads\/2021\/08\/IMG_1239-1024x683.jpg","type":"","width":"","height":""}],"twitter_card":"summary_large_image","twitter_misc":{"Est. reading time":"1 minute"},"schema":{"@context":"https:\/\/schema.org","@graph":[{"@type":"WebPage","@id":"https:\/\/staging.gimnasiovermont.edu.co\/en\/department-of-information-technologies\/","url":"https:\/\/staging.gimnasiovermont.edu.co\/en\/department-of-information-technologies\/","name":"Department of Information Technologies - Gimnasio Vermont","isPartOf":{"@id":"https:\/\/staging.gimnasiovermont.edu.co\/#website"},"primaryImageOfPage":{"@id":"https:\/\/staging.gimnasiovermont.edu.co\/en\/department-of-information-technologies\/#primaryimage"},"image":{"@id":"https:\/\/staging.gimnasiovermont.edu.co\/en\/department-of-information-technologies\/#primaryimage"},"thumbnailUrl":"https:\/\/staging.gimnasiovermont.edu.co\/wp-content\/uploads\/2021\/08\/IMG_1239-1024x683.jpg","datePublished":"2022-11-21T17:37:51+00:00","description":"A trav\u00e9s del programa del Departamento de Tecnolog\u00eda e Informaci\u00f3n, los estudiantes del Gimnasio Vermont desarrollan habilidades, destrezas y actitudes para la utilizaci\u00f3n creativa, responsable, cr\u00edtica y segura de diferentes herramientas inform\u00e1ticas.","breadcrumb":{"@id":"https:\/\/staging.gimnasiovermont.edu.co\/en\/department-of-information-technologies\/#breadcrumb"},"inLanguage":"en-US","potentialAction":[{"@type":"ReadAction","target":["https:\/\/staging.gimnasiovermont.edu.co\/en\/department-of-information-technologies\/"]}]},{"@type":"ImageObject","inLanguage":"en-US","@id":"https:\/\/staging.gimnasiovermont.edu.co\/en\/department-of-information-technologies\/#primaryimage","url":"https:\/\/staging.gimnasiovermont.edu.co\/wp-content\/uploads\/2021\/08\/IMG_1239-1024x683.jpg","contentUrl":"https:\/\/staging.gimnasiovermont.edu.co\/wp-content\/uploads\/2021\/08\/IMG_1239-1024x683.jpg"},{"@type":"BreadcrumbList","@id":"https:\/\/staging.gimnasiovermont.edu.co\/en\/department-of-information-technologies\/#breadcrumb","itemListElement":[{"@type":"ListItem","position":1,"name":"Inicio","item":"https:\/\/staging.gimnasiovermont.edu.co\/en\/"},{"@type":"ListItem","position":2,"name":"Department of Information Technologies"}]},{"@type":"WebSite","@id":"https:\/\/staging.gimnasiovermont.edu.co\/#website","url":"https:\/\/staging.gimnasiovermont.edu.co\/","name":"Gimnasio Vermont","description":"","publisher":{"@id":"https:\/\/staging.gimnasiovermont.edu.co\/#organization"},"potentialAction":[{"@type":"SearchAction","target":{"@type":"EntryPoint","urlTemplate":"https:\/\/staging.gimnasiovermont.edu.co\/?s={search_term_string}"},"query-input":{"@type":"PropertyValueSpecification","valueRequired":true,"valueName":"search_term_string"}}],"inLanguage":"en-US"},{"@type":"Organization","@id":"https:\/\/staging.gimnasiovermont.edu.co\/#organization","name":"Gimnasio Vermont","url":"https:\/\/staging.gimnasiovermont.edu.co\/","logo":{"@type":"ImageObject","inLanguage":"en-US","@id":"https:\/\/staging.gimnasiovermont.edu.co\/#\/schema\/logo\/image\/","url":"https:\/\/staging.gimnasiovermont.edu.co\/wp-content\/uploads\/2021\/01\/logo.svg","contentUrl":"https:\/\/staging.gimnasiovermont.edu.co\/wp-content\/uploads\/2021\/01\/logo.svg","caption":"Gimnasio Vermont"},"image":{"@id":"https:\/\/staging.gimnasiovermont.edu.co\/#\/schema\/logo\/image\/"}}]}},"uagb_featured_image_src":{"full":false,"thumbnail":false,"medium":false,"medium_large":false,"large":false,"1536x1536":false,"2048x2048":false},"uagb_author_info":{"display_name":"Daniela Vargas Nieto","author_link":"https:\/\/staging.gimnasiovermont.edu.co\/en\/author\/comunicacionesgimnasiovermont-edu-co\/"},"uagb_comment_info":0,"uagb_excerpt":"During their school life and through the Information Technology Department program, Gimnasio Vermont students develop abilities, skills and attitudes for [&hellip;]","coauthors":[],"author_meta":{"author_link":"https:\/\/staging.gimnasiovermont.edu.co\/en\/author\/comunicacionesgimnasiovermont-edu-co\/","display_name":"Daniela Vargas Nieto"},"relative_dates":{"created":"Posted 3 years ago","modified":"Updated 3 years ago"},"absolute_dates":{"created":"Posted on November 21, 2022","modified":"Updated on November 21, 2022"},"absolute_dates_time":{"created":"Posted on November 21, 2022 5:37 pm","modified":"Updated on November 21, 2022 5:37 pm"},"featured_img_caption":"","featured_img":false,"series_order":"","jetpack_sharing_enabled":true,"_links":{"self":[{"href":"https:\/\/staging.gimnasiovermont.edu.co\/en\/wp-json\/wp\/v2\/pages\/14134","targetHints":{"allow":["GET"]}}],"collection":[{"href":"https:\/\/staging.gimnasiovermont.edu.co\/en\/wp-json\/wp\/v2\/pages"}],"about":[{"href":"https:\/\/staging.gimnasiovermont.edu.co\/en\/wp-json\/wp\/v2\/types\/page"}],"author":[{"embeddable":true,"href":"https:\/\/staging.gimnasiovermont.edu.co\/en\/wp-json\/wp\/v2\/users\/2"}],"replies":[{"embeddable":true,"href":"https:\/\/staging.gimnasiovermont.edu.co\/en\/wp-json\/wp\/v2\/comments?post=14134"}],"version-history":[{"count":0,"href":"https:\/\/staging.gimnasiovermont.edu.co\/en\/wp-json\/wp\/v2\/pages\/14134\/revisions"}],"wp:attachment":[{"href":"https:\/\/staging.gimnasiovermont.edu.co\/en\/wp-json\/wp\/v2\/media?parent=14134"}],"curies":[{"name":"wp","href":"https:\/\/api.w.org\/{rel}","templated":true}]}}