{"id":14198,"date":"2022-11-21T18:54:49","date_gmt":"2022-11-21T18:54:49","guid":{"rendered":"https:\/\/staging.gimnasiovermont.edu.co\/department-of-dance\/"},"modified":"2022-12-26T21:26:53","modified_gmt":"2022-12-26T21:26:53","slug":"department-of-dance","status":"publish","type":"page","link":"https:\/\/staging.gimnasiovermont.edu.co\/en\/department-of-dance\/","title":{"rendered":"Department of Dance"},"content":{"rendered":"\n<div class=\"wp-block-columns is-layout-flex wp-container-core-columns-is-layout-3 wp-block-columns-is-layout-flex\">\n<div class=\"wp-block-column is-layout-flow wp-block-column-is-layout-flow\" style=\"flex-basis:100%\">\n<figure class=\"wp-block-image alignwide size-full is-style-default  claseImagenes4\"><img decoding=\"async\" width=\"1000\" height=\"200\" src=\"https:\/\/staging.gimnasiovermont.edu.co\/wp-content\/uploads\/2021\/09\/Diseno-sin-titulo-2-2.png\" alt=\"\" class=\"wp-image-3874\" srcset=\"https:\/\/staging.gimnasiovermont.edu.co\/wp-content\/uploads\/2021\/09\/Diseno-sin-titulo-2-2.png 1000w, https:\/\/staging.gimnasiovermont.edu.co\/wp-content\/uploads\/2021\/09\/Diseno-sin-titulo-2-2-300x60.png 300w, https:\/\/staging.gimnasiovermont.edu.co\/wp-content\/uploads\/2021\/09\/Diseno-sin-titulo-2-2-768x154.png 768w\" sizes=\"(max-width: 1000px) 100vw, 1000px\" \/><\/figure>\n\n\n\n<p class=\"has-text-align-center\"><em>&#8220;We should consider every day lost on which we have not danced at least once&#8221;<\/em>&#13;\n<em>Friedrich Nietzsche<\/em><\/p>\n\n\n\n<p>Gimnasio Vermont students, in their dance class, have access to movement that is thought, emotion, action and expression. Dance at GV is an intellectual process, a way of reasoning, of  finding meaning and communicating through non-verbal language, bringing students closer to the world around them in a different way from the multiple possibilities offered by exploring and knowing their own body.<\/p>\n\n\n\n<p class=\"has-text-align-left has-text-color has-normal-font-size\" style=\"color:#1d3d35\"><strong>Let&#8217;s Dance<\/strong><\/p>\n\n\n\n<p class=\"has-text-align-left has-text-color has-normal-font-size\" style=\"color:#1d3d35\">Dance, as one of the pillars of artistic training at <strong>Gimnasio Vermont<\/strong>, develops and strengthens physical and interpretation skills in students based on the different body languages that they will have the opportunity to learn and practice. During the process, they will incorporate solid knowledge of body control, basic elements of movement, the fundamentals of scenic conception and a strong emphasis on creativity based on improvisation and free and spontaneous movement.<\/p>\n\n\n\n<p>On the other hand, children will understand the symbolic expression of dance, they will develop sensitivity and aesthetic criteria as a source of training. Likewise, they will appreciate and value the different cultural manifestations in their dance classes.<\/p>\n\n\n\n<p>We firmly believe in the contribution of dance to the comprehensive training of students, conceived from a space where play, exploration, the enjoyment generated by music and the innate joy of boys and girls, are configured in the main strategies that guide the process.<\/p>\n\n\n\n<div class=\"wp-block-columns is-layout-flex wp-container-core-columns-is-layout-1 wp-block-columns-is-layout-flex\">\n<div class=\"wp-block-column is-layout-flow wp-block-column-is-layout-flow\" style=\"flex-basis:100%\">\n&nbsp;\n<\/div>\n<\/div>\n\n\n\n<div class=\"wp-block-columns is-layout-flex wp-container-core-columns-is-layout-2 wp-block-columns-is-layout-flex\">\n<div class=\"wp-block-column is-layout-flow wp-block-column-is-layout-flow\">\n<p class=\"has-normal-font-size\"><strong>Dancers<\/strong><\/p>\n\n\n\n<figure class=\"wp-block-image size-large is-resized\"><img decoding=\"async\" src=\"https:\/\/staging.gimnasiovermont.edu.co\/wp-content\/uploads\/2021\/09\/IMG_2943-edited-scaled.jpg\" alt=\"\" class=\"wp-image-4825\" width=\"350\" height=\"230\"\/><\/figure>\n\n\n\n<p>Passion for dance, this sums up the work of the department&#8217;s teachers. Professional dancers from the most renowned ballets in the country, with training in the different genres and dance techniques who have wondered about the matter of teaching and learning this artistic discipline. This has led them to continue expanding their professional training in education.<\/p>\n<\/div>\n\n\n\n<div class=\"wp-block-column is-layout-flow wp-block-column-is-layout-flow\">\n<p class=\"has-normal-font-size\"><strong>Rehearsal rooms<\/strong><\/p>\n\n\n\n<figure class=\"wp-block-image size-large is-resized\"><img decoding=\"async\" src=\"https:\/\/staging.gimnasiovermont.edu.co\/wp-content\/uploads\/2021\/09\/IMG_3217-edited-scaled.jpg\" alt=\"\" class=\"wp-image-4819\" width=\"350\" height=\"230\"\/><\/figure>\n\n\n\n<p>The school has specialized classrooms with the technical and infrastructure requirements for learning and practicing dance.<\/p>\n<\/div>\n<\/div>\n<\/div>\n<\/div>\n\n<div class=\"wp-block-columns is-layout-flex wp-container-core-columns-is-layout-4 wp-block-columns-is-layout-flex\">\n<div class=\"wp-block-column is-layout-flow wp-block-column-is-layout-flow\">\n<div class=\"wp-block-image\"><figure class=\"alignright size-large is-resized\"><a href=\"https:\/\/staging.gimnasiovermont.edu.co\/admisiones\/\"><img decoding=\"async\" src=\"https:\/\/staging.gimnasiovermont.edu.co\/wp-content\/uploads\/2020\/11\/mision-3.svg\" alt=\"\" class=\"wp-image-275\" width=\"95\" height=\"95\" srcset=\"https:\/\/staging.gimnasiovermont.edu.co\/wp-content\/uploads\/\/2020\/11\/mision-3.svg 150w, https:\/\/staging.gimnasiovermont.edu.co\/wp-content\/uploads\/\/2020\/11\/mision-3.svg 300w, https:\/\/staging.gimnasiovermont.edu.co\/wp-content\/uploads\/\/2020\/11\/mision-3.svg 1024w\" sizes=\"(max-width: 95px) 100vw, 95px\" \/><\/a><figcaption><a href=\"https:\/\/staging.gimnasiovermont.edu.co\/admisiones\/\" target=\"_blank\" rel=\"noreferrer noopener\">Admisiones<\/a><\/figcaption><\/figure><\/div>\n<\/div>\n\n\n\n<div class=\"wp-block-column is-layout-flow wp-block-column-is-layout-flow\">\n<div class=\"wp-block-image\"><figure class=\"aligncenter size-full is-resized\"><a href=\"https:\/\/staging.gimnasiovermont.edu.co\/bachillerato-internacional\/\"><img decoding=\"async\" src=\"https:\/\/staging.gimnasiovermont.edu.co\/wp-content\/uploads\/2020\/11\/mision-1.png\" alt=\"\" class=\"wp-image-269\" width=\"95\" height=\"95\"\/><\/a><figcaption><a href=\"https:\/\/staging.gimnasiovermont.edu.co\/bachillerato-internacional\/\" target=\"_blank\" rel=\"noreferrer noopener\">Bachillerato Internacional<\/a><\/figcaption><\/figure><\/div>\n<\/div>\n\n\n\n<div class=\"wp-block-column is-layout-flow wp-block-column-is-layout-flow\">\n<div class=\"wp-block-image is-style-rounded\"><figure class=\"alignleft size-large is-resized\"><a href=\"https:\/\/staging.gimnasiovermont.edu.co\/nosotros\/apoyo-escolar\/\"><img decoding=\"async\" src=\"https:\/\/staging.gimnasiovermont.edu.co\/wp-content\/uploads\/2021\/07\/Copia-de-White-Charcoal-Minimalist-Beer-Illustration-Birthday-Invitation-1024x1024.jpg\" alt=\"\" class=\"wp-image-2274\" width=\"96\" height=\"96\" srcset=\"https:\/\/staging.gimnasiovermont.edu.co\/wp-content\/uploads\/2021\/07\/Copia-de-White-Charcoal-Minimalist-Beer-Illustration-Birthday-Invitation-1024x1024.jpg 1024w, https:\/\/staging.gimnasiovermont.edu.co\/wp-content\/uploads\/2021\/07\/Copia-de-White-Charcoal-Minimalist-Beer-Illustration-Birthday-Invitation-300x300.jpg 300w, https:\/\/staging.gimnasiovermont.edu.co\/wp-content\/uploads\/2021\/07\/Copia-de-White-Charcoal-Minimalist-Beer-Illustration-Birthday-Invitation-150x150.jpg 150w, https:\/\/staging.gimnasiovermont.edu.co\/wp-content\/uploads\/2021\/07\/Copia-de-White-Charcoal-Minimalist-Beer-Illustration-Birthday-Invitation-768x768.jpg 768w, https:\/\/staging.gimnasiovermont.edu.co\/wp-content\/uploads\/2021\/07\/Copia-de-White-Charcoal-Minimalist-Beer-Illustration-Birthday-Invitation-1536x1536.jpg 1536w, https:\/\/staging.gimnasiovermont.edu.co\/wp-content\/uploads\/2021\/07\/Copia-de-White-Charcoal-Minimalist-Beer-Illustration-Birthday-Invitation.jpg 1654w\" sizes=\"(max-width: 96px) 100vw, 96px\" \/><\/a><figcaption><a href=\"https:\/\/staging.gimnasiovermont.edu.co\/nosotros\/apoyo-escolar\/\" target=\"_blank\" rel=\"noreferrer noopener\">Apoyo Escolar<\/a><\/figcaption><\/figure><\/div>\n<\/div>\n<\/div>\n","protected":false},"excerpt":{"rendered":"<p>&#8220;We should consider every day lost on which we have not danced at least once&#8221;&#13; Friedrich Nietzsche Gimnasio Vermont students, [&hellip;]<\/p>\n","protected":false},"author":2,"featured_media":0,"parent":0,"menu_order":0,"comment_status":"closed","ping_status":"closed","template":"","meta":{"_uag_custom_page_level_css":"","ub_ctt_via":"","advgb_blocks_editor_width":"","advgb_blocks_columns_visual_guide":"","_joinchat":[],"footnotes":""},"class_list":["post-14198","page","type-page","status-publish","hentry"],"featured_image_src":null,"yoast_head":"<!-- This site is optimized with the Yoast SEO plugin v25.9 - https:\/\/yoast.com\/wordpress\/plugins\/seo\/ -->\n<title>Department of Dance - Gimnasio Vermont<\/title>\n<meta name=\"description\" content=\"La tradici\u00f3n de la danza en el Gimnasio Vermont es uno de los pilares de la formaci\u00f3n art\u00edstica, en la que el disfrute de la expresi\u00f3n corporal es la clave para el trabajo\u00a0 de cada una de las t\u00e9cnicas y de las propuestas pedag\u00f3gicas.\u00a0\u00a0\" \/>\n<meta name=\"robots\" content=\"noindex, follow, max-snippet:-1, max-image-preview:large, max-video-preview:-1\" \/>\n<meta property=\"og:locale\" content=\"en_US\" \/>\n<meta property=\"og:type\" content=\"article\" \/>\n<meta property=\"og:title\" content=\"Department of Dance - Gimnasio Vermont\" \/>\n<meta property=\"og:description\" content=\"La tradici\u00f3n de la danza en el Gimnasio Vermont es uno de los pilares de la formaci\u00f3n art\u00edstica, en la que el disfrute de la expresi\u00f3n corporal es la clave para el trabajo\u00a0 de cada una de las t\u00e9cnicas y de las propuestas pedag\u00f3gicas.\u00a0\u00a0\" \/>\n<meta property=\"og:url\" content=\"https:\/\/staging.gimnasiovermont.edu.co\/en\/department-of-dance\/\" \/>\n<meta property=\"og:site_name\" content=\"Gimnasio Vermont\" \/>\n<meta property=\"article:modified_time\" content=\"2022-12-26T21:26:53+00:00\" \/>\n<meta property=\"og:image\" content=\"https:\/\/staging.gimnasiovermont.edu.co\/wp-content\/uploads\/2021\/09\/Diseno-sin-titulo-2-2.png\" \/>\n<meta name=\"twitter:card\" content=\"summary_large_image\" \/>\n<meta name=\"twitter:label1\" content=\"Est. reading time\" \/>\n\t<meta name=\"twitter:data1\" content=\"2 minutes\" \/>\n<script type=\"application\/ld+json\" class=\"yoast-schema-graph\">{\"@context\":\"https:\/\/schema.org\",\"@graph\":[{\"@type\":\"WebPage\",\"@id\":\"https:\/\/staging.gimnasiovermont.edu.co\/en\/department-of-dance\/\",\"url\":\"https:\/\/staging.gimnasiovermont.edu.co\/en\/department-of-dance\/\",\"name\":\"Department of Dance - Gimnasio Vermont\",\"isPartOf\":{\"@id\":\"https:\/\/staging.gimnasiovermont.edu.co\/#website\"},\"primaryImageOfPage\":{\"@id\":\"https:\/\/staging.gimnasiovermont.edu.co\/en\/department-of-dance\/#primaryimage\"},\"image\":{\"@id\":\"https:\/\/staging.gimnasiovermont.edu.co\/en\/department-of-dance\/#primaryimage\"},\"thumbnailUrl\":\"https:\/\/staging.gimnasiovermont.edu.co\/wp-content\/uploads\/2021\/09\/Diseno-sin-titulo-2-2.png\",\"datePublished\":\"2022-11-21T18:54:49+00:00\",\"dateModified\":\"2022-12-26T21:26:53+00:00\",\"description\":\"La tradici\u00f3n de la danza en el Gimnasio Vermont es uno de los pilares de la formaci\u00f3n art\u00edstica, en la que el disfrute de la expresi\u00f3n corporal es la clave para el trabajo\u00a0 de cada una de las t\u00e9cnicas y de las propuestas pedag\u00f3gicas.\u00a0\u00a0\",\"breadcrumb\":{\"@id\":\"https:\/\/staging.gimnasiovermont.edu.co\/en\/department-of-dance\/#breadcrumb\"},\"inLanguage\":\"en-US\",\"potentialAction\":[{\"@type\":\"ReadAction\",\"target\":[\"https:\/\/staging.gimnasiovermont.edu.co\/en\/department-of-dance\/\"]}]},{\"@type\":\"ImageObject\",\"inLanguage\":\"en-US\",\"@id\":\"https:\/\/staging.gimnasiovermont.edu.co\/en\/department-of-dance\/#primaryimage\",\"url\":\"https:\/\/staging.gimnasiovermont.edu.co\/wp-content\/uploads\/2021\/09\/Diseno-sin-titulo-2-2.png\",\"contentUrl\":\"https:\/\/staging.gimnasiovermont.edu.co\/wp-content\/uploads\/2021\/09\/Diseno-sin-titulo-2-2.png\"},{\"@type\":\"BreadcrumbList\",\"@id\":\"https:\/\/staging.gimnasiovermont.edu.co\/en\/department-of-dance\/#breadcrumb\",\"itemListElement\":[{\"@type\":\"ListItem\",\"position\":1,\"name\":\"Inicio\",\"item\":\"https:\/\/staging.gimnasiovermont.edu.co\/en\/\"},{\"@type\":\"ListItem\",\"position\":2,\"name\":\"Department of Dance\"}]},{\"@type\":\"WebSite\",\"@id\":\"https:\/\/staging.gimnasiovermont.edu.co\/#website\",\"url\":\"https:\/\/staging.gimnasiovermont.edu.co\/\",\"name\":\"Gimnasio Vermont\",\"description\":\"\",\"publisher\":{\"@id\":\"https:\/\/staging.gimnasiovermont.edu.co\/#organization\"},\"potentialAction\":[{\"@type\":\"SearchAction\",\"target\":{\"@type\":\"EntryPoint\",\"urlTemplate\":\"https:\/\/staging.gimnasiovermont.edu.co\/?s={search_term_string}\"},\"query-input\":{\"@type\":\"PropertyValueSpecification\",\"valueRequired\":true,\"valueName\":\"search_term_string\"}}],\"inLanguage\":\"en-US\"},{\"@type\":\"Organization\",\"@id\":\"https:\/\/staging.gimnasiovermont.edu.co\/#organization\",\"name\":\"Gimnasio Vermont\",\"url\":\"https:\/\/staging.gimnasiovermont.edu.co\/\",\"logo\":{\"@type\":\"ImageObject\",\"inLanguage\":\"en-US\",\"@id\":\"https:\/\/staging.gimnasiovermont.edu.co\/#\/schema\/logo\/image\/\",\"url\":\"https:\/\/staging.gimnasiovermont.edu.co\/wp-content\/uploads\/2021\/01\/logo.svg\",\"contentUrl\":\"https:\/\/staging.gimnasiovermont.edu.co\/wp-content\/uploads\/2021\/01\/logo.svg\",\"caption\":\"Gimnasio Vermont\"},\"image\":{\"@id\":\"https:\/\/staging.gimnasiovermont.edu.co\/#\/schema\/logo\/image\/\"}}]}<\/script>\n<!-- \/ Yoast SEO plugin. -->","yoast_head_json":{"title":"Department of Dance - Gimnasio Vermont","description":"La tradici\u00f3n de la danza en el Gimnasio Vermont es uno de los pilares de la formaci\u00f3n art\u00edstica, en la que el disfrute de la expresi\u00f3n corporal es la clave para el trabajo\u00a0 de cada una de las t\u00e9cnicas y de las propuestas pedag\u00f3gicas.\u00a0\u00a0","robots":{"index":"noindex","follow":"follow","max-snippet":"max-snippet:-1","max-image-preview":"max-image-preview:large","max-video-preview":"max-video-preview:-1"},"og_locale":"en_US","og_type":"article","og_title":"Department of Dance - Gimnasio Vermont","og_description":"La tradici\u00f3n de la danza en el Gimnasio Vermont es uno de los pilares de la formaci\u00f3n art\u00edstica, en la que el disfrute de la expresi\u00f3n corporal es la clave para el trabajo\u00a0 de cada una de las t\u00e9cnicas y de las propuestas pedag\u00f3gicas.\u00a0\u00a0","og_url":"https:\/\/staging.gimnasiovermont.edu.co\/en\/department-of-dance\/","og_site_name":"Gimnasio Vermont","article_modified_time":"2022-12-26T21:26:53+00:00","og_image":[{"url":"https:\/\/staging.gimnasiovermont.edu.co\/wp-content\/uploads\/2021\/09\/Diseno-sin-titulo-2-2.png","type":"","width":"","height":""}],"twitter_card":"summary_large_image","twitter_misc":{"Est. reading time":"2 minutes"},"schema":{"@context":"https:\/\/schema.org","@graph":[{"@type":"WebPage","@id":"https:\/\/staging.gimnasiovermont.edu.co\/en\/department-of-dance\/","url":"https:\/\/staging.gimnasiovermont.edu.co\/en\/department-of-dance\/","name":"Department of Dance - Gimnasio Vermont","isPartOf":{"@id":"https:\/\/staging.gimnasiovermont.edu.co\/#website"},"primaryImageOfPage":{"@id":"https:\/\/staging.gimnasiovermont.edu.co\/en\/department-of-dance\/#primaryimage"},"image":{"@id":"https:\/\/staging.gimnasiovermont.edu.co\/en\/department-of-dance\/#primaryimage"},"thumbnailUrl":"https:\/\/staging.gimnasiovermont.edu.co\/wp-content\/uploads\/2021\/09\/Diseno-sin-titulo-2-2.png","datePublished":"2022-11-21T18:54:49+00:00","dateModified":"2022-12-26T21:26:53+00:00","description":"La tradici\u00f3n de la danza en el Gimnasio Vermont es uno de los pilares de la formaci\u00f3n art\u00edstica, en la que el disfrute de la expresi\u00f3n corporal es la clave para el trabajo\u00a0 de cada una de las t\u00e9cnicas y de las propuestas pedag\u00f3gicas.\u00a0\u00a0","breadcrumb":{"@id":"https:\/\/staging.gimnasiovermont.edu.co\/en\/department-of-dance\/#breadcrumb"},"inLanguage":"en-US","potentialAction":[{"@type":"ReadAction","target":["https:\/\/staging.gimnasiovermont.edu.co\/en\/department-of-dance\/"]}]},{"@type":"ImageObject","inLanguage":"en-US","@id":"https:\/\/staging.gimnasiovermont.edu.co\/en\/department-of-dance\/#primaryimage","url":"https:\/\/staging.gimnasiovermont.edu.co\/wp-content\/uploads\/2021\/09\/Diseno-sin-titulo-2-2.png","contentUrl":"https:\/\/staging.gimnasiovermont.edu.co\/wp-content\/uploads\/2021\/09\/Diseno-sin-titulo-2-2.png"},{"@type":"BreadcrumbList","@id":"https:\/\/staging.gimnasiovermont.edu.co\/en\/department-of-dance\/#breadcrumb","itemListElement":[{"@type":"ListItem","position":1,"name":"Inicio","item":"https:\/\/staging.gimnasiovermont.edu.co\/en\/"},{"@type":"ListItem","position":2,"name":"Department of Dance"}]},{"@type":"WebSite","@id":"https:\/\/staging.gimnasiovermont.edu.co\/#website","url":"https:\/\/staging.gimnasiovermont.edu.co\/","name":"Gimnasio Vermont","description":"","publisher":{"@id":"https:\/\/staging.gimnasiovermont.edu.co\/#organization"},"potentialAction":[{"@type":"SearchAction","target":{"@type":"EntryPoint","urlTemplate":"https:\/\/staging.gimnasiovermont.edu.co\/?s={search_term_string}"},"query-input":{"@type":"PropertyValueSpecification","valueRequired":true,"valueName":"search_term_string"}}],"inLanguage":"en-US"},{"@type":"Organization","@id":"https:\/\/staging.gimnasiovermont.edu.co\/#organization","name":"Gimnasio Vermont","url":"https:\/\/staging.gimnasiovermont.edu.co\/","logo":{"@type":"ImageObject","inLanguage":"en-US","@id":"https:\/\/staging.gimnasiovermont.edu.co\/#\/schema\/logo\/image\/","url":"https:\/\/staging.gimnasiovermont.edu.co\/wp-content\/uploads\/2021\/01\/logo.svg","contentUrl":"https:\/\/staging.gimnasiovermont.edu.co\/wp-content\/uploads\/2021\/01\/logo.svg","caption":"Gimnasio Vermont"},"image":{"@id":"https:\/\/staging.gimnasiovermont.edu.co\/#\/schema\/logo\/image\/"}}]}},"uagb_featured_image_src":{"full":false,"thumbnail":false,"medium":false,"medium_large":false,"large":false,"1536x1536":false,"2048x2048":false},"uagb_author_info":{"display_name":"Daniela Vargas Nieto","author_link":"https:\/\/staging.gimnasiovermont.edu.co\/en\/author\/comunicacionesgimnasiovermont-edu-co\/"},"uagb_comment_info":0,"uagb_excerpt":"&#8220;We should consider every day lost on which we have not danced at least once&#8221;&#13; Friedrich Nietzsche Gimnasio Vermont students, [&hellip;]","coauthors":[],"author_meta":{"author_link":"https:\/\/staging.gimnasiovermont.edu.co\/en\/author\/comunicacionesgimnasiovermont-edu-co\/","display_name":"Daniela Vargas Nieto"},"relative_dates":{"created":"Posted 3 years ago","modified":"Updated 3 years ago"},"absolute_dates":{"created":"Posted on November 21, 2022","modified":"Updated on December 26, 2022"},"absolute_dates_time":{"created":"Posted on November 21, 2022 6:54 pm","modified":"Updated on December 26, 2022 9:26 pm"},"featured_img_caption":"","featured_img":false,"series_order":"","jetpack_sharing_enabled":true,"_links":{"self":[{"href":"https:\/\/staging.gimnasiovermont.edu.co\/en\/wp-json\/wp\/v2\/pages\/14198","targetHints":{"allow":["GET"]}}],"collection":[{"href":"https:\/\/staging.gimnasiovermont.edu.co\/en\/wp-json\/wp\/v2\/pages"}],"about":[{"href":"https:\/\/staging.gimnasiovermont.edu.co\/en\/wp-json\/wp\/v2\/types\/page"}],"author":[{"embeddable":true,"href":"https:\/\/staging.gimnasiovermont.edu.co\/en\/wp-json\/wp\/v2\/users\/2"}],"replies":[{"embeddable":true,"href":"https:\/\/staging.gimnasiovermont.edu.co\/en\/wp-json\/wp\/v2\/comments?post=14198"}],"version-history":[{"count":0,"href":"https:\/\/staging.gimnasiovermont.edu.co\/en\/wp-json\/wp\/v2\/pages\/14198\/revisions"}],"wp:attachment":[{"href":"https:\/\/staging.gimnasiovermont.edu.co\/en\/wp-json\/wp\/v2\/media?parent=14198"}],"curies":[{"name":"wp","href":"https:\/\/api.w.org\/{rel}","templated":true}]}}