{"id":14283,"date":"2022-11-22T20:42:00","date_gmt":"2022-11-22T20:42:00","guid":{"rendered":"https:\/\/staging.gimnasiovermont.edu.co\/admissions\/"},"modified":"2022-11-22T20:42:01","modified_gmt":"2022-11-22T20:42:01","slug":"admissions","status":"publish","type":"page","link":"https:\/\/staging.gimnasiovermont.edu.co\/en\/admissions\/","title":{"rendered":"Admissions"},"content":{"rendered":"\n<div class=\"wp-block-columns is-layout-flex wp-container-core-columns-is-layout-3 wp-block-columns-is-layout-flex\">\n<div class=\"wp-block-column is-layout-flow wp-block-column-is-layout-flow\">\n<div class=\"wp-block-columns is-layout-flex wp-container-core-columns-is-layout-1 wp-block-columns-is-layout-flex\">\n<div class=\"wp-block-column is-layout-flow wp-block-column-is-layout-flow\">\n<figure class=\"wp-block-image alignwide size-large\"><img decoding=\"async\" width=\"1024\" height=\"205\" src=\"https:\/\/staging.gimnasiovermont.edu.co\/wp-content\/uploads\/2021\/09\/BannerSeccionNosotros_6-06-1-1024x205.jpg\" alt=\"\" class=\"wp-image-5671\" srcset=\"https:\/\/staging.gimnasiovermont.edu.co\/wp-content\/uploads\/2021\/09\/BannerSeccionNosotros_6-06-1-1024x205.jpg 1024w, https:\/\/staging.gimnasiovermont.edu.co\/wp-content\/uploads\/2021\/09\/BannerSeccionNosotros_6-06-1-300x60.jpg 300w, https:\/\/staging.gimnasiovermont.edu.co\/wp-content\/uploads\/2021\/09\/BannerSeccionNosotros_6-06-1-768x154.jpg 768w, https:\/\/staging.gimnasiovermont.edu.co\/wp-content\/uploads\/2021\/09\/BannerSeccionNosotros_6-06-1-1536x307.jpg 1536w, https:\/\/staging.gimnasiovermont.edu.co\/wp-content\/uploads\/2021\/09\/BannerSeccionNosotros_6-06-1-2048x410.jpg 2048w\" sizes=\"(max-width: 1024px) 100vw, 1024px\" \/><\/figure>\n<\/div>\n<\/div>\n\n\n\n<div class=\"wp-block-columns is-layout-flex wp-container-core-columns-is-layout-2 wp-block-columns-is-layout-flex\">\n<div class=\"wp-block-column is-layout-flow wp-block-column-is-layout-flow\" style=\"flex-basis:66.66%\">\n<div class=\"wp-block-group\"><div class=\"wp-block-group__inner-container is-layout-flow wp-block-group-is-layout-flow\">\n<div class=\"wp-block-group\"><div class=\"wp-block-group__inner-container is-layout-flow wp-block-group-is-layout-flow\">\n<p class=\"has-medium-font-size\"><strong>Admissions at Gimnasio Vermont<\/strong><\/p>\n\n\n\n<p>Our admission process offers us the opportunity to meet and project children so that they fully develop their ethical-moral, cognitive dimensions and their talents. In addition, it allows us to guide the decision-making of parents regarding the school life they dream of for their children.<\/p>\n\n\n\n<p><strong>Admissions process<\/strong><\/p>\n\n\n\n<p>The admissions age for <strong>Pre-K<\/strong> is <strong>4 years<\/strong> old and <strong>5 years<\/strong> old for <strong>Kinder.<\/strong><\/p>\n\n\n\n<h5 class=\"has-normal-font-size wp-block-heading\">To participate in the admission process, please follow the instructions stated below:<\/h5>\n\n\n\n<p><strong>1.<\/strong> Fill out the\u00a0<a href=\"https:\/\/www.sistemasc3.com\/admisiones\/planilla0.php?clave=VER\" target=\"_blank\" rel=\"noreferrer noopener\">pre-registration form.<\/a><\/p>\n\n\n\n<p><strong>2.<\/strong> You will receive an email inviting you to take a tour of the school facilities and enjoy the children&#8217;s experiences at Gimnasio Vermont.<\/p>\n\n\n\n<p><strong>3.<\/strong> On the day of your appointment and at the end of the visit, you will be able to make the payment and receive the documents to start the admission process ($145,000).<\/p>\n\n\n\n<p><strong>4.<\/strong> Once the documents have been filed, you will be informed of the date and time for the family interview and observation of the child.<\/p>\n\n\n\n<p><strong>5.<\/strong> Once the process is approved, you will receive a welcome to Gimnasio Vermont and the instructions for the registration procedures.<\/p>\n\n\n\n<p><strong>Contact<\/strong><\/p>\n\n\n\n<p><strong>Mar\u00eda Jos\u00e9 \u00c1vila Rodr\u00edguez<\/strong><\/p>\n\n\n\n<p>Cellphone: 3176984205<\/p>\n\n\n\n<p>Email: admisiones@gimnasiovermont.edu.co<\/p>\n\n\n\n<p><strong>Carolina Carrillo<\/strong><\/p>\n\n\n\n<p>Cellphone: 3163043489<\/p>\n\n\n\n<p>Email: secretaria.academica@gimnasiovermont.edu.co<\/p>\n<\/div><\/div>\n<\/div><\/div>\n<\/div>\n\n\n\n<div class=\"wp-block-column is-layout-flow wp-block-column-is-layout-flow\" style=\"flex-basis:33.33%\">\n<p class=\"has-text-align-center has-white-color has-text-color has-background\" style=\"background-color:#11436e\"><a href=\"https:\/\/www.sistemasc3.com\/admisiones\/planilla0.php?clave=VER\" target=\"_blank\" rel=\"noreferrer noopener\">Start your admission process<\/a>\u00a0HERE<\/p>\n\n\n\n<div class=\"wp-block-image\"><figure class=\"aligncenter size-large\"><img decoding=\"async\" width=\"1024\" height=\"678\" src=\"https:\/\/staging.gimnasiovermont.edu.co\/wp-content\/uploads\/2022\/09\/FRA5836_1-1-1024x678.jpg\" alt=\"\" class=\"wp-image-13817\" srcset=\"https:\/\/staging.gimnasiovermont.edu.co\/wp-content\/uploads\/2022\/09\/FRA5836_1-1-1024x678.jpg 1024w, https:\/\/staging.gimnasiovermont.edu.co\/wp-content\/uploads\/2022\/09\/FRA5836_1-1-300x199.jpg 300w, https:\/\/staging.gimnasiovermont.edu.co\/wp-content\/uploads\/2022\/09\/FRA5836_1-1-768x509.jpg 768w, https:\/\/staging.gimnasiovermont.edu.co\/wp-content\/uploads\/2022\/09\/FRA5836_1-1-1536x1018.jpg 1536w, https:\/\/staging.gimnasiovermont.edu.co\/wp-content\/uploads\/2022\/09\/FRA5836_1-1-2048x1357.jpg 2048w\" sizes=\"(max-width: 1024px) 100vw, 1024px\" \/><\/figure><\/div>\n\n\n\n<div class=\"wp-block-image\"><figure class=\"aligncenter size-large\"><img decoding=\"async\" width=\"1024\" height=\"696\" src=\"https:\/\/staging.gimnasiovermont.edu.co\/wp-content\/uploads\/2022\/09\/FRA6284-1-1024x696.jpg\" alt=\"\" class=\"wp-image-13815\" srcset=\"https:\/\/staging.gimnasiovermont.edu.co\/wp-content\/uploads\/2022\/09\/FRA6284-1-1024x696.jpg 1024w, https:\/\/staging.gimnasiovermont.edu.co\/wp-content\/uploads\/2022\/09\/FRA6284-1-300x204.jpg 300w, https:\/\/staging.gimnasiovermont.edu.co\/wp-content\/uploads\/2022\/09\/FRA6284-1-768x522.jpg 768w, https:\/\/staging.gimnasiovermont.edu.co\/wp-content\/uploads\/2022\/09\/FRA6284-1-1536x1044.jpg 1536w, https:\/\/staging.gimnasiovermont.edu.co\/wp-content\/uploads\/2022\/09\/FRA6284-1-2048x1392.jpg 2048w\" sizes=\"(max-width: 1024px) 100vw, 1024px\" \/><\/figure><\/div>\n\n\n\n<div class=\"wp-block-buttons alignfull is-content-justification-center is-layout-flex wp-block-buttons-is-layout-flex\">\n<div class=\"wp-block-button has-custom-font-size is-style-outline has-small-font-size is-style-outline--1\"><a class=\"wp-block-button__link has-text-color\" href=\"https:\/\/staging.gimnasiovermont.edu.co\/preguntas-frecuentes\/\" style=\"border-radius:8px;color:#11436e\" target=\"_blank\" rel=\"noreferrer noopener\">Start your admission process<\/a><\/div>\n\n\n\n<div class=\"wp-block-button has-custom-font-size is-style-outline has-small-font-size is-style-outline--2\"><a class=\"wp-block-button__link has-text-color\" href=\"https:\/\/staging.gimnasiovermont.edu.co\/preescolar\/\" style=\"border-radius:8px;color:#11436e\" target=\"_blank\" rel=\"noreferrer noopener\">Our Preschool<\/a><\/div>\n<\/div>\n<\/div>\n<\/div>\n<\/div>\n<\/div>\n\n<p><\/p>\n","protected":false},"excerpt":{"rendered":"<p>Admissions at Gimnasio Vermont Our admission process offers us the opportunity to meet and project children so that they fully [&hellip;]<\/p>\n","protected":false},"author":1,"featured_media":0,"parent":0,"menu_order":0,"comment_status":"closed","ping_status":"closed","template":"template-fullwidth.php","meta":{"_uag_custom_page_level_css":"","ub_ctt_via":"","advgb_blocks_editor_width":"","advgb_blocks_columns_visual_guide":"","_joinchat":[],"footnotes":""},"class_list":["post-14283","page","type-page","status-publish","hentry"],"featured_image_src":null,"yoast_head":"<!-- This site is optimized with the Yoast SEO plugin v25.9 - https:\/\/yoast.com\/wordpress\/plugins\/seo\/ -->\n<title>Admissions - Gimnasio Vermont<\/title>\n<meta name=\"description\" content=\"El proceso de admisi\u00f3n del Gimnasio Vermont busca conocer al aspirante de manera integral para proyectarlo dentro del marco de formaci\u00f3n de la instituci\u00f3n y orientar la toma de decisiones de los padres de familia con respecto a la vida escolar que sue\u00f1an para sus hijos.\" \/>\n<meta name=\"robots\" content=\"noindex, follow, max-snippet:-1, max-image-preview:large, max-video-preview:-1\" \/>\n<meta property=\"og:locale\" content=\"en_US\" \/>\n<meta property=\"og:type\" content=\"article\" \/>\n<meta property=\"og:title\" content=\"Admissions - Gimnasio Vermont\" \/>\n<meta property=\"og:description\" content=\"El proceso de admisi\u00f3n del Gimnasio Vermont busca conocer al aspirante de manera integral para proyectarlo dentro del marco de formaci\u00f3n de la instituci\u00f3n y orientar la toma de decisiones de los padres de familia con respecto a la vida escolar que sue\u00f1an para sus hijos.\" \/>\n<meta property=\"og:url\" content=\"https:\/\/staging.gimnasiovermont.edu.co\/en\/admissions\/\" \/>\n<meta property=\"og:site_name\" content=\"Gimnasio Vermont\" \/>\n<meta property=\"article:modified_time\" content=\"2022-11-22T20:42:01+00:00\" \/>\n<meta property=\"og:image\" content=\"https:\/\/staging.gimnasiovermont.edu.co\/wp-content\/uploads\/2021\/09\/BannerSeccionNosotros_6-06-1-1024x205.jpg\" \/>\n<meta name=\"twitter:card\" content=\"summary_large_image\" \/>\n<meta name=\"twitter:label1\" content=\"Est. reading time\" \/>\n\t<meta name=\"twitter:data1\" content=\"1 minute\" \/>\n<script type=\"application\/ld+json\" class=\"yoast-schema-graph\">{\"@context\":\"https:\/\/schema.org\",\"@graph\":[{\"@type\":\"WebPage\",\"@id\":\"https:\/\/staging.gimnasiovermont.edu.co\/en\/admissions\/\",\"url\":\"https:\/\/staging.gimnasiovermont.edu.co\/en\/admissions\/\",\"name\":\"Admissions - Gimnasio Vermont\",\"isPartOf\":{\"@id\":\"https:\/\/staging.gimnasiovermont.edu.co\/#website\"},\"primaryImageOfPage\":{\"@id\":\"https:\/\/staging.gimnasiovermont.edu.co\/en\/admissions\/#primaryimage\"},\"image\":{\"@id\":\"https:\/\/staging.gimnasiovermont.edu.co\/en\/admissions\/#primaryimage\"},\"thumbnailUrl\":\"https:\/\/staging.gimnasiovermont.edu.co\/wp-content\/uploads\/2021\/09\/BannerSeccionNosotros_6-06-1-1024x205.jpg\",\"datePublished\":\"2022-11-22T20:42:00+00:00\",\"dateModified\":\"2022-11-22T20:42:01+00:00\",\"description\":\"El proceso de admisi\u00f3n del Gimnasio Vermont busca conocer al aspirante de manera integral para proyectarlo dentro del marco de formaci\u00f3n de la instituci\u00f3n y orientar la toma de decisiones de los padres de familia con respecto a la vida escolar que sue\u00f1an para sus hijos.\",\"breadcrumb\":{\"@id\":\"https:\/\/staging.gimnasiovermont.edu.co\/en\/admissions\/#breadcrumb\"},\"inLanguage\":\"en-US\",\"potentialAction\":[{\"@type\":\"ReadAction\",\"target\":[\"https:\/\/staging.gimnasiovermont.edu.co\/en\/admissions\/\"]}]},{\"@type\":\"ImageObject\",\"inLanguage\":\"en-US\",\"@id\":\"https:\/\/staging.gimnasiovermont.edu.co\/en\/admissions\/#primaryimage\",\"url\":\"https:\/\/staging.gimnasiovermont.edu.co\/wp-content\/uploads\/2021\/09\/BannerSeccionNosotros_6-06-1-1024x205.jpg\",\"contentUrl\":\"https:\/\/staging.gimnasiovermont.edu.co\/wp-content\/uploads\/2021\/09\/BannerSeccionNosotros_6-06-1-1024x205.jpg\"},{\"@type\":\"BreadcrumbList\",\"@id\":\"https:\/\/staging.gimnasiovermont.edu.co\/en\/admissions\/#breadcrumb\",\"itemListElement\":[{\"@type\":\"ListItem\",\"position\":1,\"name\":\"Inicio\",\"item\":\"https:\/\/staging.gimnasiovermont.edu.co\/en\/\"},{\"@type\":\"ListItem\",\"position\":2,\"name\":\"Admissions\"}]},{\"@type\":\"WebSite\",\"@id\":\"https:\/\/staging.gimnasiovermont.edu.co\/#website\",\"url\":\"https:\/\/staging.gimnasiovermont.edu.co\/\",\"name\":\"Gimnasio Vermont\",\"description\":\"\",\"publisher\":{\"@id\":\"https:\/\/staging.gimnasiovermont.edu.co\/#organization\"},\"potentialAction\":[{\"@type\":\"SearchAction\",\"target\":{\"@type\":\"EntryPoint\",\"urlTemplate\":\"https:\/\/staging.gimnasiovermont.edu.co\/?s={search_term_string}\"},\"query-input\":{\"@type\":\"PropertyValueSpecification\",\"valueRequired\":true,\"valueName\":\"search_term_string\"}}],\"inLanguage\":\"en-US\"},{\"@type\":\"Organization\",\"@id\":\"https:\/\/staging.gimnasiovermont.edu.co\/#organization\",\"name\":\"Gimnasio Vermont\",\"url\":\"https:\/\/staging.gimnasiovermont.edu.co\/\",\"logo\":{\"@type\":\"ImageObject\",\"inLanguage\":\"en-US\",\"@id\":\"https:\/\/staging.gimnasiovermont.edu.co\/#\/schema\/logo\/image\/\",\"url\":\"https:\/\/staging.gimnasiovermont.edu.co\/wp-content\/uploads\/2021\/01\/logo.svg\",\"contentUrl\":\"https:\/\/staging.gimnasiovermont.edu.co\/wp-content\/uploads\/2021\/01\/logo.svg\",\"caption\":\"Gimnasio Vermont\"},\"image\":{\"@id\":\"https:\/\/staging.gimnasiovermont.edu.co\/#\/schema\/logo\/image\/\"}}]}<\/script>\n<!-- \/ Yoast SEO plugin. -->","yoast_head_json":{"title":"Admissions - Gimnasio Vermont","description":"El proceso de admisi\u00f3n del Gimnasio Vermont busca conocer al aspirante de manera integral para proyectarlo dentro del marco de formaci\u00f3n de la instituci\u00f3n y orientar la toma de decisiones de los padres de familia con respecto a la vida escolar que sue\u00f1an para sus hijos.","robots":{"index":"noindex","follow":"follow","max-snippet":"max-snippet:-1","max-image-preview":"max-image-preview:large","max-video-preview":"max-video-preview:-1"},"og_locale":"en_US","og_type":"article","og_title":"Admissions - Gimnasio Vermont","og_description":"El proceso de admisi\u00f3n del Gimnasio Vermont busca conocer al aspirante de manera integral para proyectarlo dentro del marco de formaci\u00f3n de la instituci\u00f3n y orientar la toma de decisiones de los padres de familia con respecto a la vida escolar que sue\u00f1an para sus hijos.","og_url":"https:\/\/staging.gimnasiovermont.edu.co\/en\/admissions\/","og_site_name":"Gimnasio Vermont","article_modified_time":"2022-11-22T20:42:01+00:00","og_image":[{"url":"https:\/\/staging.gimnasiovermont.edu.co\/wp-content\/uploads\/2021\/09\/BannerSeccionNosotros_6-06-1-1024x205.jpg","type":"","width":"","height":""}],"twitter_card":"summary_large_image","twitter_misc":{"Est. reading time":"1 minute"},"schema":{"@context":"https:\/\/schema.org","@graph":[{"@type":"WebPage","@id":"https:\/\/staging.gimnasiovermont.edu.co\/en\/admissions\/","url":"https:\/\/staging.gimnasiovermont.edu.co\/en\/admissions\/","name":"Admissions - Gimnasio Vermont","isPartOf":{"@id":"https:\/\/staging.gimnasiovermont.edu.co\/#website"},"primaryImageOfPage":{"@id":"https:\/\/staging.gimnasiovermont.edu.co\/en\/admissions\/#primaryimage"},"image":{"@id":"https:\/\/staging.gimnasiovermont.edu.co\/en\/admissions\/#primaryimage"},"thumbnailUrl":"https:\/\/staging.gimnasiovermont.edu.co\/wp-content\/uploads\/2021\/09\/BannerSeccionNosotros_6-06-1-1024x205.jpg","datePublished":"2022-11-22T20:42:00+00:00","dateModified":"2022-11-22T20:42:01+00:00","description":"El proceso de admisi\u00f3n del Gimnasio Vermont busca conocer al aspirante de manera integral para proyectarlo dentro del marco de formaci\u00f3n de la instituci\u00f3n y orientar la toma de decisiones de los padres de familia con respecto a la vida escolar que sue\u00f1an para sus hijos.","breadcrumb":{"@id":"https:\/\/staging.gimnasiovermont.edu.co\/en\/admissions\/#breadcrumb"},"inLanguage":"en-US","potentialAction":[{"@type":"ReadAction","target":["https:\/\/staging.gimnasiovermont.edu.co\/en\/admissions\/"]}]},{"@type":"ImageObject","inLanguage":"en-US","@id":"https:\/\/staging.gimnasiovermont.edu.co\/en\/admissions\/#primaryimage","url":"https:\/\/staging.gimnasiovermont.edu.co\/wp-content\/uploads\/2021\/09\/BannerSeccionNosotros_6-06-1-1024x205.jpg","contentUrl":"https:\/\/staging.gimnasiovermont.edu.co\/wp-content\/uploads\/2021\/09\/BannerSeccionNosotros_6-06-1-1024x205.jpg"},{"@type":"BreadcrumbList","@id":"https:\/\/staging.gimnasiovermont.edu.co\/en\/admissions\/#breadcrumb","itemListElement":[{"@type":"ListItem","position":1,"name":"Inicio","item":"https:\/\/staging.gimnasiovermont.edu.co\/en\/"},{"@type":"ListItem","position":2,"name":"Admissions"}]},{"@type":"WebSite","@id":"https:\/\/staging.gimnasiovermont.edu.co\/#website","url":"https:\/\/staging.gimnasiovermont.edu.co\/","name":"Gimnasio Vermont","description":"","publisher":{"@id":"https:\/\/staging.gimnasiovermont.edu.co\/#organization"},"potentialAction":[{"@type":"SearchAction","target":{"@type":"EntryPoint","urlTemplate":"https:\/\/staging.gimnasiovermont.edu.co\/?s={search_term_string}"},"query-input":{"@type":"PropertyValueSpecification","valueRequired":true,"valueName":"search_term_string"}}],"inLanguage":"en-US"},{"@type":"Organization","@id":"https:\/\/staging.gimnasiovermont.edu.co\/#organization","name":"Gimnasio Vermont","url":"https:\/\/staging.gimnasiovermont.edu.co\/","logo":{"@type":"ImageObject","inLanguage":"en-US","@id":"https:\/\/staging.gimnasiovermont.edu.co\/#\/schema\/logo\/image\/","url":"https:\/\/staging.gimnasiovermont.edu.co\/wp-content\/uploads\/2021\/01\/logo.svg","contentUrl":"https:\/\/staging.gimnasiovermont.edu.co\/wp-content\/uploads\/2021\/01\/logo.svg","caption":"Gimnasio Vermont"},"image":{"@id":"https:\/\/staging.gimnasiovermont.edu.co\/#\/schema\/logo\/image\/"}}]}},"uagb_featured_image_src":{"full":false,"thumbnail":false,"medium":false,"medium_large":false,"large":false,"1536x1536":false,"2048x2048":false},"uagb_author_info":{"display_name":"emilio","author_link":"https:\/\/staging.gimnasiovermont.edu.co\/en\/author\/emilio\/"},"uagb_comment_info":0,"uagb_excerpt":"Admissions at Gimnasio Vermont Our admission process offers us the opportunity to meet and project children so that they fully [&hellip;]","coauthors":[],"author_meta":{"author_link":"https:\/\/staging.gimnasiovermont.edu.co\/en\/author\/emilio\/","display_name":"emilio"},"relative_dates":{"created":"Posted 3 years ago","modified":"Updated 3 years ago"},"absolute_dates":{"created":"Posted on November 22, 2022","modified":"Updated on November 22, 2022"},"absolute_dates_time":{"created":"Posted on November 22, 2022 8:42 pm","modified":"Updated on November 22, 2022 8:42 pm"},"featured_img_caption":"","featured_img":false,"series_order":"","jetpack_sharing_enabled":true,"_links":{"self":[{"href":"https:\/\/staging.gimnasiovermont.edu.co\/en\/wp-json\/wp\/v2\/pages\/14283","targetHints":{"allow":["GET"]}}],"collection":[{"href":"https:\/\/staging.gimnasiovermont.edu.co\/en\/wp-json\/wp\/v2\/pages"}],"about":[{"href":"https:\/\/staging.gimnasiovermont.edu.co\/en\/wp-json\/wp\/v2\/types\/page"}],"author":[{"embeddable":true,"href":"https:\/\/staging.gimnasiovermont.edu.co\/en\/wp-json\/wp\/v2\/users\/1"}],"replies":[{"embeddable":true,"href":"https:\/\/staging.gimnasiovermont.edu.co\/en\/wp-json\/wp\/v2\/comments?post=14283"}],"version-history":[{"count":0,"href":"https:\/\/staging.gimnasiovermont.edu.co\/en\/wp-json\/wp\/v2\/pages\/14283\/revisions"}],"wp:attachment":[{"href":"https:\/\/staging.gimnasiovermont.edu.co\/en\/wp-json\/wp\/v2\/media?parent=14283"}],"curies":[{"name":"wp","href":"https:\/\/api.w.org\/{rel}","templated":true}]}}