{"id":14286,"date":"2022-11-22T20:55:41","date_gmt":"2022-11-22T20:55:41","guid":{"rendered":"https:\/\/staging.gimnasiovermont.edu.co\/gv-biosafety\/"},"modified":"2022-11-22T20:55:43","modified_gmt":"2022-11-22T20:55:43","slug":"gv-biosafety","status":"publish","type":"page","link":"https:\/\/staging.gimnasiovermont.edu.co\/en\/gv-biosafety\/","title":{"rendered":"GV Biosafety"},"content":{"rendered":"\n<figure class=\"wp-block-image alignwide size-full\"><img decoding=\"async\" width=\"1000\" height=\"200\" src=\"https:\/\/staging.gimnasiovermont.edu.co\/wp-content\/uploads\/2021\/12\/Banner-Paginas-internas-PG-Web-GV-1.png\" alt=\"\" class=\"wp-image-10141\" srcset=\"https:\/\/staging.gimnasiovermont.edu.co\/wp-content\/uploads\/2021\/12\/Banner-Paginas-internas-PG-Web-GV-1.png 1000w, https:\/\/staging.gimnasiovermont.edu.co\/wp-content\/uploads\/2021\/12\/Banner-Paginas-internas-PG-Web-GV-1-300x60.png 300w, https:\/\/staging.gimnasiovermont.edu.co\/wp-content\/uploads\/2021\/12\/Banner-Paginas-internas-PG-Web-GV-1-768x154.png 768w\" sizes=\"(max-width: 1000px) 100vw, 1000px\" \/><\/figure>\n\n<div class=\"wp-block-media-text alignwide is-stacked-on-mobile\" style=\"grid-template-columns:44% auto\"><figure class=\"wp-block-media-text__media\"><img decoding=\"async\" width=\"1024\" height=\"575\" src=\"https:\/\/staging.gimnasiovermont.edu.co\/wp-content\/uploads\/2020\/11\/Logo-BioGV-2-1024x575.png\" alt=\"\" class=\"wp-image-404 size-full\" srcset=\"https:\/\/staging.gimnasiovermont.edu.co\/wp-content\/uploads\/2020\/11\/Logo-BioGV-2-1024x575.png 1024w, https:\/\/staging.gimnasiovermont.edu.co\/wp-content\/uploads\/2020\/11\/Logo-BioGV-2-300x169.png 300w, https:\/\/staging.gimnasiovermont.edu.co\/wp-content\/uploads\/2020\/11\/Logo-BioGV-2-768x431.png 768w, https:\/\/staging.gimnasiovermont.edu.co\/wp-content\/uploads\/2020\/11\/Logo-BioGV-2.png 1280w\" sizes=\"(max-width: 1024px) 100vw, 1024px\" \/><\/figure><div class=\"wp-block-media-text__content\">\n<h1 class=\"wp-block-heading\"><span class=\"has-inline-color\" style=\"color: #5c899b;\">GIMNASIO VERMONT BIOSAFETY PROTOCOLS<\/span><\/h1>\n\n\n\n<p><span class=\"has-inline-color\" style=\"color: #5c899b;\">2021-2022<\/span><\/p>\n<\/div><\/div>\n\n<p class=\"has-normal-font-size\">Dear Gimnasio Vermont Community,<\/p>\n\n<p class=\"has-normal-font-size\">For us it is very important that you are informed of all the processes and measures that the school has developed to mitigate and face the impact generated by COVID-19.<\/p>\n\n<p class=\"has-normal-font-size\">Reason why, we share the plan of action that has allowed us to create safe spaces for the happy return to the classroom.<\/p>\n\n<div class=\"wp-block-columns is-layout-flex wp-container-core-columns-is-layout-1 wp-block-columns-is-layout-flex\">\n<div class=\"wp-block-column is-layout-flow wp-block-column-is-layout-flow\">\n<div class=\"wp-block-buttons is-content-justification-center is-layout-flex wp-block-buttons-is-layout-flex\">\n<div class=\"wp-block-button is-style-fill\"><a class=\"wp-block-button__link has-white-color has-text-color has-background\" href=\"https:\/\/staging.gimnasiovermont.edu.co\/ruta-de-accion\/\" style=\"border-radius:10px;background-color:#5c899b\" target=\"_blank\" rel=\"noreferrer noopener\">Action Plan<\/a><\/div>\n<\/div>\n<\/div>\n\n\n\n<div class=\"wp-block-column is-layout-flow wp-block-column-is-layout-flow\">\n<div class=\"wp-block-buttons is-layout-flex wp-block-buttons-is-layout-flex\">\n<div class=\"wp-block-button is-style-fill\"><a class=\"wp-block-button__link has-white-color has-text-color has-background\" href=\"https:\/\/issuu.com\/home\/published\/cartilla_de_bioseguridad_2021\" style=\"border-radius:10px;background-color:#5c899b\" target=\"_blank\" rel=\"noreferrer noopener\">See Biosafety Primer<\/a><\/div>\n<\/div>\n<\/div>\n<\/div>\n\n<div class=\"wp-block-columns is-layout-flex wp-container-core-columns-is-layout-2 wp-block-columns-is-layout-flex\">\n<div class=\"wp-block-column is-layout-flow wp-block-column-is-layout-flow\">\n<div class=\"wp-block-image\"><figure class=\"aligncenter size-thumbnail is-resized\"><a href=\"https:\/\/staging.gimnasiovermont.edu.co\/estudiantes-2\/\"><img decoding=\"async\" src=\"https:\/\/staging.gimnasiovermont.edu.co\/wp-content\/uploads\/2020\/12\/Estudiantes-1-150x150.png\" alt=\"\" class=\"wp-image-1320\" width=\"200\" height=\"200\" srcset=\"https:\/\/staging.gimnasiovermont.edu.co\/wp-content\/uploads\/2020\/12\/Estudiantes-1-150x150.png 150w, https:\/\/staging.gimnasiovermont.edu.co\/wp-content\/uploads\/2020\/12\/Estudiantes-1-300x300.png 300w, https:\/\/staging.gimnasiovermont.edu.co\/wp-content\/uploads\/2020\/12\/Estudiantes-1-1024x1024.png 1024w, https:\/\/staging.gimnasiovermont.edu.co\/wp-content\/uploads\/2020\/12\/Estudiantes-1-768x768.png 768w, https:\/\/staging.gimnasiovermont.edu.co\/wp-content\/uploads\/2020\/12\/Estudiantes-1.png 1200w\" sizes=\"(max-width: 200px) 100vw, 200px\" \/><\/a><figcaption><a href=\"https:\/\/staging.gimnasiovermont.edu.co\/estudiantes-2\/\"><strong><span class=\"has-inline-color\" style=\"color: #5c899b;\">Students<\/span><\/strong>&#13;\n<\/a><\/figcaption><\/figure><\/div>\n\n\n\n<p>This section corresponds to the infographics worked on in the training during Homeroom sessions. Also, part of this material was printed and displayed in different parts of the school.<\/p>\n<\/div>\n\n\n\n<div class=\"wp-block-column is-layout-flow wp-block-column-is-layout-flow\">\n<div class=\"wp-block-image\"><figure class=\"aligncenter size-thumbnail is-resized\"><a href=\"https:\/\/staging.gimnasiovermont.edu.co\/bioseguridad-empleados\/\"><img decoding=\"async\" src=\"https:\/\/staging.gimnasiovermont.edu.co\/wp-content\/uploads\/2020\/12\/Empleados-150x150.png\" alt=\"\" class=\"wp-image-1323\" width=\"200\" height=\"200\" srcset=\"https:\/\/staging.gimnasiovermont.edu.co\/wp-content\/uploads\/2020\/12\/Empleados-150x150.png 150w, https:\/\/staging.gimnasiovermont.edu.co\/wp-content\/uploads\/2020\/12\/Empleados-300x300.png 300w, https:\/\/staging.gimnasiovermont.edu.co\/wp-content\/uploads\/2020\/12\/Empleados-1024x1024.png 1024w, https:\/\/staging.gimnasiovermont.edu.co\/wp-content\/uploads\/2020\/12\/Empleados-768x768.png 768w, https:\/\/staging.gimnasiovermont.edu.co\/wp-content\/uploads\/2020\/12\/Empleados.png 1200w\" sizes=\"(max-width: 200px) 100vw, 200px\" \/><\/a><figcaption><a href=\"https:\/\/sites.google.com\/view\/bioseguridad-gv\/infograf%C3%ADas-empleados?authuser=0\"><strong><span class=\"has-inline-color\" style=\"color: #5c899b;\">STAFF<\/span><\/strong><\/a><\/figcaption><\/figure><\/div>\n\n\n\n<p>This material has been shared with all teachers, administrative, general services and school maintenance staff. It reinforces the training we have had and will be exhibited at strategic points in the school.<\/p>\n<\/div>\n\n\n\n<div class=\"wp-block-column is-layout-flow wp-block-column-is-layout-flow\">\n<div class=\"wp-block-image\"><figure class=\"aligncenter size-thumbnail is-resized\"><a href=\"https:\/\/staging.gimnasiovermont.edu.co\/bioseguridad-senaletica\/\"><img decoding=\"async\" src=\"https:\/\/staging.gimnasiovermont.edu.co\/wp-content\/uploads\/2020\/12\/Senaletica-150x150.png\" alt=\"\" class=\"wp-image-1326\" width=\"200\" height=\"200\" srcset=\"https:\/\/staging.gimnasiovermont.edu.co\/wp-content\/uploads\/2020\/12\/Senaletica-150x150.png 150w, https:\/\/staging.gimnasiovermont.edu.co\/wp-content\/uploads\/2020\/12\/Senaletica-300x300.png 300w, https:\/\/staging.gimnasiovermont.edu.co\/wp-content\/uploads\/2020\/12\/Senaletica-1024x1024.png 1024w, https:\/\/staging.gimnasiovermont.edu.co\/wp-content\/uploads\/2020\/12\/Senaletica-768x768.png 768w, https:\/\/staging.gimnasiovermont.edu.co\/wp-content\/uploads\/2020\/12\/Senaletica.png 1200w\" sizes=\"(max-width: 200px) 100vw, 200px\" \/><\/a><figcaption><a href=\"https:\/\/sites.google.com\/view\/bioseguridad-gv\/se%C3%B1al%C3%A9tica?authuser=0\"><span class=\"has-inline-color\" style=\"color: #5c899b;\"><strong>SIGNAGE<\/strong><\/span><\/a><\/figcaption><\/figure><\/div>\n\n\n\n<p>This section corresponds to all the printed signs with which we adapt our facilities to be a safe and trusted environment for our Vermont community.<\/p>\n<\/div>\n<\/div>\n\n<div class=\"wp-block-columns is-layout-flex wp-container-core-columns-is-layout-3 wp-block-columns-is-layout-flex\">\n<div class=\"wp-block-column is-layout-flow wp-block-column-is-layout-flow\">\n<div class=\"wp-block-image\"><figure class=\"aligncenter size-full is-resized\"><a href=\"https:\/\/staging.gimnasiovermont.edu.co\/ruta-13\/\"><img decoding=\"async\" src=\"https:\/\/staging.gimnasiovermont.edu.co\/wp-content\/uploads\/2021\/09\/DeRegreso1-2.png\" alt=\"\" class=\"wp-image-5836\" width=\"200\" height=\"200\" srcset=\"https:\/\/staging.gimnasiovermont.edu.co\/wp-content\/uploads\/2021\/09\/DeRegreso1-2.png 300w, https:\/\/staging.gimnasiovermont.edu.co\/wp-content\/uploads\/2021\/09\/DeRegreso1-2-150x150.png 150w\" sizes=\"(max-width: 200px) 100vw, 200px\" \/><\/a><\/figure><\/div>\n\n\n\n<p class=\"has-text-align-left has-large-font-size\"><strong><a href=\"https:\/\/staging.gimnasiovermont.edu.co\/ruta-13\/\">BUS 13<\/a><\/strong><\/p>\n\n\n\n<p class=\"has-text-align-left\">Everything you need to know about our Bus 13 protocol.<\/p>\n<\/div>\n\n\n\n<div class=\"wp-block-column is-layout-flow wp-block-column-is-layout-flow\"><\/div>\n\n\n\n<div class=\"wp-block-column is-layout-flow wp-block-column-is-layout-flow\"><\/div>\n<\/div>\n\n<hr class=\"wp-block-separator\"\/>\n\n<div class=\"wp-block-columns are-vertically-aligned-center is-layout-flex wp-container-core-columns-is-layout-4 wp-block-columns-is-layout-flex\">\n<div class=\"wp-block-column is-vertically-aligned-center is-layout-flow wp-block-column-is-layout-flow\" style=\"flex-basis:100%\">\n<figure class=\"wp-block-embed alignwide is-type-rich is-provider-issuu wp-block-embed-issuu\">\r\n<div class=\"wp-block-embed__wrapper\">https:\/\/issuu.com\/vermontic\/docs\/cartilla_de_bioseguridad_2021<\/div><\/figure>\n<\/div>\n<\/div>\n\n<div class=\"wp-block-columns is-layout-flex wp-container-core-columns-is-layout-6 wp-block-columns-is-layout-flex\">\n<div class=\"wp-block-column is-layout-flow wp-block-column-is-layout-flow\">\n<hr class=\"wp-block-separator\"\/>\n\n\n\n<div class=\"wp-block-columns is-layout-flex wp-container-core-columns-is-layout-5 wp-block-columns-is-layout-flex\">\n<div class=\"wp-block-column is-layout-flow wp-block-column-is-layout-flow\">\n<div class=\"wp-block-media-text alignwide is-stacked-on-mobile\" style=\"grid-template-columns:54% auto\"><figure class=\"wp-block-media-text__media\"><a href=\"https:\/\/staging.gimnasiovermont.edu.co\/safe-guard\/\"><img decoding=\"async\" width=\"808\" height=\"405\" src=\"https:\/\/staging.gimnasiovermont.edu.co\/wp-content\/uploads\/2021\/09\/Etiqueta-Safe-Guard-2.png\" alt=\"\" class=\"wp-image-5842 size-full\" srcset=\"https:\/\/staging.gimnasiovermont.edu.co\/wp-content\/uploads\/2021\/09\/Etiqueta-Safe-Guard-2.png 808w, https:\/\/staging.gimnasiovermont.edu.co\/wp-content\/uploads\/2021\/09\/Etiqueta-Safe-Guard-2-300x150.png 300w, https:\/\/staging.gimnasiovermont.edu.co\/wp-content\/uploads\/2021\/09\/Etiqueta-Safe-Guard-2-768x385.png 768w\" sizes=\"(max-width: 808px) 100vw, 808px\" \/><\/a><\/figure><div class=\"wp-block-media-text__content\">\n<p class=\"has-medium-font-size\"><strong>Label Declaration: Colleges and Universities<\/strong><\/p>\n\n\n\n<p>To check the validity of this declaration, scan the QR code or access the website: <a href=\"https:\/\/restartwith.bureauveritas.com\/pages\/home\/\">https:\/\/restartwith.bureauveritas.com\/pages\/home\/<\/a><\/p>\n<\/div><\/div>\n<\/div>\n<\/div>\n<\/div>\n<\/div>\n\n<p><\/p>\n","protected":false},"excerpt":{"rendered":"<p>GIMNASIO VERMONT BIOSAFETY PROTOCOLS 2021-2022 Dear Gimnasio Vermont Community, For us it is very important that you are informed of [&hellip;]<\/p>\n","protected":false},"author":2,"featured_media":0,"parent":0,"menu_order":0,"comment_status":"closed","ping_status":"closed","template":"","meta":{"_uag_custom_page_level_css":"","ub_ctt_via":"","advgb_blocks_editor_width":"","advgb_blocks_columns_visual_guide":"","_joinchat":[],"footnotes":""},"class_list":["post-14286","page","type-page","status-publish","hentry"],"featured_image_src":null,"yoast_head":"<!-- This site is optimized with the Yoast SEO plugin v25.9 - https:\/\/yoast.com\/wordpress\/plugins\/seo\/ -->\n<title>GV Biosafety - Gimnasio Vermont<\/title>\n<meta name=\"description\" content=\"Cumplimos con todas las medidas de bioseguridad y hemos recibido el sello de protecci\u00f3n SAFEGUARD para el sector educativo, otorgado por Bureau Veritas, l\u00edder mundial en servicios de an\u00e1lisis, inspecci\u00f3n y certificaci\u00f3n.\" \/>\n<meta name=\"robots\" content=\"noindex, follow, max-snippet:-1, max-image-preview:large, max-video-preview:-1\" \/>\n<meta property=\"og:locale\" content=\"en_US\" \/>\n<meta property=\"og:type\" content=\"article\" \/>\n<meta property=\"og:title\" content=\"GV Biosafety - Gimnasio Vermont\" \/>\n<meta property=\"og:description\" content=\"Cumplimos con todas las medidas de bioseguridad y hemos recibido el sello de protecci\u00f3n SAFEGUARD para el sector educativo, otorgado por Bureau Veritas, l\u00edder mundial en servicios de an\u00e1lisis, inspecci\u00f3n y certificaci\u00f3n.\" \/>\n<meta property=\"og:url\" content=\"https:\/\/staging.gimnasiovermont.edu.co\/en\/gv-biosafety\/\" \/>\n<meta property=\"og:site_name\" content=\"Gimnasio Vermont\" \/>\n<meta property=\"article:modified_time\" content=\"2022-11-22T20:55:43+00:00\" \/>\n<meta property=\"og:image\" content=\"https:\/\/staging.gimnasiovermont.edu.co\/wp-content\/uploads\/2021\/12\/Banner-Paginas-internas-PG-Web-GV-1.png\" \/>\n<meta name=\"twitter:card\" content=\"summary_large_image\" \/>\n<meta name=\"twitter:label1\" content=\"Est. reading time\" \/>\n\t<meta name=\"twitter:data1\" content=\"1 minute\" \/>\n<script type=\"application\/ld+json\" class=\"yoast-schema-graph\">{\"@context\":\"https:\/\/schema.org\",\"@graph\":[{\"@type\":\"WebPage\",\"@id\":\"https:\/\/staging.gimnasiovermont.edu.co\/en\/gv-biosafety\/\",\"url\":\"https:\/\/staging.gimnasiovermont.edu.co\/en\/gv-biosafety\/\",\"name\":\"GV Biosafety - Gimnasio Vermont\",\"isPartOf\":{\"@id\":\"https:\/\/staging.gimnasiovermont.edu.co\/#website\"},\"primaryImageOfPage\":{\"@id\":\"https:\/\/staging.gimnasiovermont.edu.co\/en\/gv-biosafety\/#primaryimage\"},\"image\":{\"@id\":\"https:\/\/staging.gimnasiovermont.edu.co\/en\/gv-biosafety\/#primaryimage\"},\"thumbnailUrl\":\"https:\/\/staging.gimnasiovermont.edu.co\/wp-content\/uploads\/2021\/12\/Banner-Paginas-internas-PG-Web-GV-1.png\",\"datePublished\":\"2022-11-22T20:55:41+00:00\",\"dateModified\":\"2022-11-22T20:55:43+00:00\",\"description\":\"Cumplimos con todas las medidas de bioseguridad y hemos recibido el sello de protecci\u00f3n SAFEGUARD para el sector educativo, otorgado por Bureau Veritas, l\u00edder mundial en servicios de an\u00e1lisis, inspecci\u00f3n y certificaci\u00f3n.\",\"breadcrumb\":{\"@id\":\"https:\/\/staging.gimnasiovermont.edu.co\/en\/gv-biosafety\/#breadcrumb\"},\"inLanguage\":\"en-US\",\"potentialAction\":[{\"@type\":\"ReadAction\",\"target\":[\"https:\/\/staging.gimnasiovermont.edu.co\/en\/gv-biosafety\/\"]}]},{\"@type\":\"ImageObject\",\"inLanguage\":\"en-US\",\"@id\":\"https:\/\/staging.gimnasiovermont.edu.co\/en\/gv-biosafety\/#primaryimage\",\"url\":\"https:\/\/staging.gimnasiovermont.edu.co\/wp-content\/uploads\/2021\/12\/Banner-Paginas-internas-PG-Web-GV-1.png\",\"contentUrl\":\"https:\/\/staging.gimnasiovermont.edu.co\/wp-content\/uploads\/2021\/12\/Banner-Paginas-internas-PG-Web-GV-1.png\"},{\"@type\":\"BreadcrumbList\",\"@id\":\"https:\/\/staging.gimnasiovermont.edu.co\/en\/gv-biosafety\/#breadcrumb\",\"itemListElement\":[{\"@type\":\"ListItem\",\"position\":1,\"name\":\"Inicio\",\"item\":\"https:\/\/staging.gimnasiovermont.edu.co\/en\/\"},{\"@type\":\"ListItem\",\"position\":2,\"name\":\"GV Biosafety\"}]},{\"@type\":\"WebSite\",\"@id\":\"https:\/\/staging.gimnasiovermont.edu.co\/#website\",\"url\":\"https:\/\/staging.gimnasiovermont.edu.co\/\",\"name\":\"Gimnasio Vermont\",\"description\":\"\",\"publisher\":{\"@id\":\"https:\/\/staging.gimnasiovermont.edu.co\/#organization\"},\"potentialAction\":[{\"@type\":\"SearchAction\",\"target\":{\"@type\":\"EntryPoint\",\"urlTemplate\":\"https:\/\/staging.gimnasiovermont.edu.co\/?s={search_term_string}\"},\"query-input\":{\"@type\":\"PropertyValueSpecification\",\"valueRequired\":true,\"valueName\":\"search_term_string\"}}],\"inLanguage\":\"en-US\"},{\"@type\":\"Organization\",\"@id\":\"https:\/\/staging.gimnasiovermont.edu.co\/#organization\",\"name\":\"Gimnasio Vermont\",\"url\":\"https:\/\/staging.gimnasiovermont.edu.co\/\",\"logo\":{\"@type\":\"ImageObject\",\"inLanguage\":\"en-US\",\"@id\":\"https:\/\/staging.gimnasiovermont.edu.co\/#\/schema\/logo\/image\/\",\"url\":\"https:\/\/staging.gimnasiovermont.edu.co\/wp-content\/uploads\/2021\/01\/logo.svg\",\"contentUrl\":\"https:\/\/staging.gimnasiovermont.edu.co\/wp-content\/uploads\/2021\/01\/logo.svg\",\"caption\":\"Gimnasio Vermont\"},\"image\":{\"@id\":\"https:\/\/staging.gimnasiovermont.edu.co\/#\/schema\/logo\/image\/\"}}]}<\/script>\n<!-- \/ Yoast SEO plugin. -->","yoast_head_json":{"title":"GV Biosafety - Gimnasio Vermont","description":"Cumplimos con todas las medidas de bioseguridad y hemos recibido el sello de protecci\u00f3n SAFEGUARD para el sector educativo, otorgado por Bureau Veritas, l\u00edder mundial en servicios de an\u00e1lisis, inspecci\u00f3n y certificaci\u00f3n.","robots":{"index":"noindex","follow":"follow","max-snippet":"max-snippet:-1","max-image-preview":"max-image-preview:large","max-video-preview":"max-video-preview:-1"},"og_locale":"en_US","og_type":"article","og_title":"GV Biosafety - Gimnasio Vermont","og_description":"Cumplimos con todas las medidas de bioseguridad y hemos recibido el sello de protecci\u00f3n SAFEGUARD para el sector educativo, otorgado por Bureau Veritas, l\u00edder mundial en servicios de an\u00e1lisis, inspecci\u00f3n y certificaci\u00f3n.","og_url":"https:\/\/staging.gimnasiovermont.edu.co\/en\/gv-biosafety\/","og_site_name":"Gimnasio Vermont","article_modified_time":"2022-11-22T20:55:43+00:00","og_image":[{"url":"https:\/\/staging.gimnasiovermont.edu.co\/wp-content\/uploads\/2021\/12\/Banner-Paginas-internas-PG-Web-GV-1.png","type":"","width":"","height":""}],"twitter_card":"summary_large_image","twitter_misc":{"Est. reading time":"1 minute"},"schema":{"@context":"https:\/\/schema.org","@graph":[{"@type":"WebPage","@id":"https:\/\/staging.gimnasiovermont.edu.co\/en\/gv-biosafety\/","url":"https:\/\/staging.gimnasiovermont.edu.co\/en\/gv-biosafety\/","name":"GV Biosafety - Gimnasio Vermont","isPartOf":{"@id":"https:\/\/staging.gimnasiovermont.edu.co\/#website"},"primaryImageOfPage":{"@id":"https:\/\/staging.gimnasiovermont.edu.co\/en\/gv-biosafety\/#primaryimage"},"image":{"@id":"https:\/\/staging.gimnasiovermont.edu.co\/en\/gv-biosafety\/#primaryimage"},"thumbnailUrl":"https:\/\/staging.gimnasiovermont.edu.co\/wp-content\/uploads\/2021\/12\/Banner-Paginas-internas-PG-Web-GV-1.png","datePublished":"2022-11-22T20:55:41+00:00","dateModified":"2022-11-22T20:55:43+00:00","description":"Cumplimos con todas las medidas de bioseguridad y hemos recibido el sello de protecci\u00f3n SAFEGUARD para el sector educativo, otorgado por Bureau Veritas, l\u00edder mundial en servicios de an\u00e1lisis, inspecci\u00f3n y certificaci\u00f3n.","breadcrumb":{"@id":"https:\/\/staging.gimnasiovermont.edu.co\/en\/gv-biosafety\/#breadcrumb"},"inLanguage":"en-US","potentialAction":[{"@type":"ReadAction","target":["https:\/\/staging.gimnasiovermont.edu.co\/en\/gv-biosafety\/"]}]},{"@type":"ImageObject","inLanguage":"en-US","@id":"https:\/\/staging.gimnasiovermont.edu.co\/en\/gv-biosafety\/#primaryimage","url":"https:\/\/staging.gimnasiovermont.edu.co\/wp-content\/uploads\/2021\/12\/Banner-Paginas-internas-PG-Web-GV-1.png","contentUrl":"https:\/\/staging.gimnasiovermont.edu.co\/wp-content\/uploads\/2021\/12\/Banner-Paginas-internas-PG-Web-GV-1.png"},{"@type":"BreadcrumbList","@id":"https:\/\/staging.gimnasiovermont.edu.co\/en\/gv-biosafety\/#breadcrumb","itemListElement":[{"@type":"ListItem","position":1,"name":"Inicio","item":"https:\/\/staging.gimnasiovermont.edu.co\/en\/"},{"@type":"ListItem","position":2,"name":"GV Biosafety"}]},{"@type":"WebSite","@id":"https:\/\/staging.gimnasiovermont.edu.co\/#website","url":"https:\/\/staging.gimnasiovermont.edu.co\/","name":"Gimnasio Vermont","description":"","publisher":{"@id":"https:\/\/staging.gimnasiovermont.edu.co\/#organization"},"potentialAction":[{"@type":"SearchAction","target":{"@type":"EntryPoint","urlTemplate":"https:\/\/staging.gimnasiovermont.edu.co\/?s={search_term_string}"},"query-input":{"@type":"PropertyValueSpecification","valueRequired":true,"valueName":"search_term_string"}}],"inLanguage":"en-US"},{"@type":"Organization","@id":"https:\/\/staging.gimnasiovermont.edu.co\/#organization","name":"Gimnasio Vermont","url":"https:\/\/staging.gimnasiovermont.edu.co\/","logo":{"@type":"ImageObject","inLanguage":"en-US","@id":"https:\/\/staging.gimnasiovermont.edu.co\/#\/schema\/logo\/image\/","url":"https:\/\/staging.gimnasiovermont.edu.co\/wp-content\/uploads\/2021\/01\/logo.svg","contentUrl":"https:\/\/staging.gimnasiovermont.edu.co\/wp-content\/uploads\/2021\/01\/logo.svg","caption":"Gimnasio Vermont"},"image":{"@id":"https:\/\/staging.gimnasiovermont.edu.co\/#\/schema\/logo\/image\/"}}]}},"uagb_featured_image_src":{"full":false,"thumbnail":false,"medium":false,"medium_large":false,"large":false,"1536x1536":false,"2048x2048":false},"uagb_author_info":{"display_name":"Daniela Vargas Nieto","author_link":"https:\/\/staging.gimnasiovermont.edu.co\/en\/author\/comunicacionesgimnasiovermont-edu-co\/"},"uagb_comment_info":0,"uagb_excerpt":"GIMNASIO VERMONT BIOSAFETY PROTOCOLS 2021-2022 Dear Gimnasio Vermont Community, For us it is very important that you are informed of [&hellip;]","coauthors":[],"author_meta":{"author_link":"https:\/\/staging.gimnasiovermont.edu.co\/en\/author\/comunicacionesgimnasiovermont-edu-co\/","display_name":"Daniela Vargas Nieto"},"relative_dates":{"created":"Posted 3 years ago","modified":"Updated 3 years ago"},"absolute_dates":{"created":"Posted on November 22, 2022","modified":"Updated on November 22, 2022"},"absolute_dates_time":{"created":"Posted on November 22, 2022 8:55 pm","modified":"Updated on November 22, 2022 8:55 pm"},"featured_img_caption":"","featured_img":false,"series_order":"","jetpack_sharing_enabled":true,"_links":{"self":[{"href":"https:\/\/staging.gimnasiovermont.edu.co\/en\/wp-json\/wp\/v2\/pages\/14286","targetHints":{"allow":["GET"]}}],"collection":[{"href":"https:\/\/staging.gimnasiovermont.edu.co\/en\/wp-json\/wp\/v2\/pages"}],"about":[{"href":"https:\/\/staging.gimnasiovermont.edu.co\/en\/wp-json\/wp\/v2\/types\/page"}],"author":[{"embeddable":true,"href":"https:\/\/staging.gimnasiovermont.edu.co\/en\/wp-json\/wp\/v2\/users\/2"}],"replies":[{"embeddable":true,"href":"https:\/\/staging.gimnasiovermont.edu.co\/en\/wp-json\/wp\/v2\/comments?post=14286"}],"version-history":[{"count":0,"href":"https:\/\/staging.gimnasiovermont.edu.co\/en\/wp-json\/wp\/v2\/pages\/14286\/revisions"}],"wp:attachment":[{"href":"https:\/\/staging.gimnasiovermont.edu.co\/en\/wp-json\/wp\/v2\/media?parent=14286"}],"curies":[{"name":"wp","href":"https:\/\/api.w.org\/{rel}","templated":true}]}}